{"id":33,"date":"2021-08-16T14:09:54","date_gmt":"2021-08-16T12:09:54","guid":{"rendered":"https:\/\/www.sourcing-ceramics.com\/gimex\/"},"modified":"2024-11-14T13:28:16","modified_gmt":"2024-11-14T12:28:16","slug":"gimex","status":"publish","type":"page","link":"https:\/\/www.sourcing-ceramics.com\/de\/","title":{"rendered":"Home"},"content":{"rendered":"<div class=\"module-masthead\">\n\t\t\t<div class=\"masthead-slider\">\n\t\t\t\t\t\t\t\n\t\t\t\t<div class=\"slide\" style=\"background-image: url('https:\/\/www.sourcing-ceramics.com\/wp-content\/uploads\/2021\/08\/Desktop-_-Sourcing-Ceramics-_-afbeelding-wereldbol-scaled-e1629459731895-1920x979.jpg');\">\n\t\t\t\t\t<div class=\"container\">\n\t\t\t\t\t\t<div class=\"row\">\n\t\t\t\t\t\t\t<div class=\"col-12 text-center\">\n\t\t\t\t\t\t\t\t\t\t\t\t\t\t\t\t\t<div class=\"slide__title\">\n\t\t\t\t\t\t\t\t\t\t<h1><p><em>Keramische<\/em> Komponenten einfacher beschaffen<\/p>\n<\/h1>\n\t\t\t\t\t\t\t\t\t<\/div>\n\t\t\t\t\t\t\t\t\n\t\t\t\t\t\t\t\t\t\t\t\t\t\t\t\t\t<div class=\"slide__subtitle\">\n\t\t\t\t\t\t\t\t\t\t<p><em>Aus einem weltweiten Netzwerk von qualifizierten Lieferanten<\/em><\/p>\n\t\t\t\t\t\t\t\t\t<\/div>\n\t\t\t\t\t\t\t\t\n\t\t\t\t\t\t\t\t\t\t\t\t\t\t\t<\/div>\n\t\t\t\t\t\t<\/div>\n\t\t\t\t\t<\/div>\n\n\t\t\t\t\t<!--CONTENT BLOCKS-->\n\t\t\t\t\t\t\t\t\t\t\t<div class=\"slide__content-blocks\">\n\t\t\t\t\t\t\t<div class=\"container\">\n\t\t\t\t\t\t\t\t<div class=\"row\">\n\t\t\t\t\t\t\t\t\t\t\t\t\t\t\t\t\t\t\t\t\n\n\t\t\t\t\t\t\t\t\t\t<div class=\"col-12 col-lg-6 overview-item\">\n\t\t\t\t\t\t\t\t\t\t\t\t\t\t\t\t\t\t\t\t\t\t\t<a class=\"content-block\" href=\"https:\/\/www.sourcing-ceramics.com\/inquiry\/\">\n\t\t\t\t\t\t\t\t\t\t\t\t\t\t\t\t\t\t\t\t\t\t\n\t\t\t\t\t\t\t\t\t\t\t\t\t\t\t\t\t\t\t\t\t\t\t\t\t\t\t\t\t\t\t\t\t\t\t\t\t\t<div class=\"content-block__image\" style=\"background-image: url('https:\/\/www.sourcing-ceramics.com\/wp-content\/uploads\/2021\/10\/gimex0139-e1634213100240-1024x666.png');\">\n\t\t\t\t\t\t\t\t\t\t\t\t\t\t\n\t\t\t\t\t\t\t\t\t\t\t\t\t<\/div>\n\t\t\t\t\t\t\t\t\t\t\t\t\t\t\t\t\t\t\t\t\t\t\t\t<div class=\"content-block__title\">\n\t\t\t\t\t\t\t\t\t\t\t\t\tWir liefern Ihnen keramische Komponenten zu den bestm\u00f6glichen Konditionen\t\t\t\t\t\t\t\t\t\t\t\t<\/div>\n\t\t\t\t\t\t\t\t\t\t\t\t<div class=\"content-block__editor\">\n\t\t\t\t\t\t\t\t\t\t\t\t\t<p>Dank unseres weltweiten Netzwerks von Lieferanten k\u00f6nnen wir Ihnen qualitativ hochwertige Bauteile zu wettbewerbsf\u00e4higen Preisen und Lieferzeiten bieten.<\/p>\n<p>Fordern Sie hier ein Angebot f\u00fcr Ihre Keramikkomponente an!<\/p>\n\t\t\t\t\t\t\t\t\t\t\t\t<\/div>\n\n\t\t\t\t\t\t\t\t\t\t\t\t\t\t\t\t\t\t\t\t\t\t\t\t\t<div class=\"content-block__icon\">\n\t\t\t\t\t\t\t\t\t\t\t\t\t\t<i class=\"far fa-arrow-up\"><\/i>\n\t\t\t\t\t\t\t\t\t\t\t\t\t<\/div>\n\t\t\t\t\t\t\t\t\t\t\t\t\t\t\t\t\t\t\t\t\t\t\t\n\t\t\t\t\t\t\t\t\t\t\t\t\t\t\t\t\t\t\t\t\t\t\t<\/a>\n\t\t\t\t\t\t\t\t\t\t\t\t\t\t\t\t\t\t\t\t\t<\/div>\n\t\t\t\t\t\t\t\t\t\t\t\t\t\t\t\t\t\t\t\t\n\n\t\t\t\t\t\t\t\t\t\t<div class=\"col-12 col-lg-6 overview-item\">\n\t\t\t\t\t\t\t\t\t\t\t\t\t\t\t\t\t\t\t\t\t\t\t<div class=\"content-block\">\n\t\t\t\t\t\t\t\t\t\t\t\t\t\t\t\t\t\t\t\t\t\t\n\t\t\t\t\t\t\t\t\t\t\t\t\t\t\t\t\t\t\t\t\t\t\t\t\t\t\t\t\t\t\t\t\t\t\t\t\t\t<div class=\"content-block__image\" style=\"background-image: url('https:\/\/www.sourcing-ceramics.com\/wp-content\/uploads\/2021\/08\/Desktop-_-Sourcing-Ceramics-_-product.png');\">\n\t\t\t\t\t\t\t\t\t\t\t\t\t\t\n\t\t\t\t\t\t\t\t\t\t\t\t\t<\/div>\n\t\t\t\t\t\t\t\t\t\t\t\t\t\t\t\t\t\t\t\t\t\t\t\t<div class=\"content-block__title\">\n\t\t\t\t\t\t\t\t\t\t\t\t\tWir unterst\u00fctzen Sie bei der Auswahl des besten Materials f\u00fcr Ihre Anwendung\t\t\t\t\t\t\t\t\t\t\t\t<\/div>\n\t\t\t\t\t\t\t\t\t\t\t\t<div class=\"content-block__editor\">\n\t\t\t\t\t\t\t\t\t\t\t\t\t<p>Durch die unterschiedlichen Materialeigenschaften und Marktbedingungen kann es wirklich schwer werden, das richtige Material f\u00fcr Ihre Anwendung auszuw\u00e4hlen. Unser Auswahl-Tool hilft Ihnen weiter. Wir beraten Sie auch gern pers\u00f6nlich!<\/p>\n<p>W\u00e4hlen Sie hier das beste Material aus!<\/p>\n\t\t\t\t\t\t\t\t\t\t\t\t<\/div>\n\n\t\t\t\t\t\t\t\t\t\t\t\t\t\t\t\t\t\t\t\t\t\t\t\n\t\t\t\t\t\t\t\t\t\t\t\t\t\t\t\t\t\t\t\t\t\t\t<\/div>\n\t\t\t\t\t\t\t\t\t\t\t\t\t\t\t\t\t\t\t\t\t<\/div>\n\t\t\t\t\t\t\t\t\t\t\t\t\t\t\t\t\t<\/div>\n\t\t\t\t\t\t\t<\/div>\n\n\t\t\t\t\t\t\t<div class=\"slide__content-blocks-bottom\">\n\t\t\t\t\t\t\t\t\n\t\t\t\t\t\t\t<\/div>\n\t\t\t\t\t\t<\/div>\n\t\t\t\t\t\n\t\t\t\t\t<div class=\"slide__overlay d-none\">\n\t\t\t\t\t\t\n\t\t\t\t\t<\/div>\n\n\t\t\t\t<\/div>\n\t\t\t\t\t<\/div>\n\t<\/div>\n\n<section class=\"module-content\">\n\t<div class=\"container\">\n\t\t\t\t\t<div class=\"row\">\n\t\t\t\t<div class=\"col-12 title\">\n\t\t\t\t\t<h3><h1 style=\"text-align: center;\">Wie es <em>funktioniert<\/em><\/h1>\n<\/h3>\n\t\t\t\t<\/div>\n\t\t\t<\/div>\n\t\t\n\t\t<!--COLUMNS-->\n\t\t\t\t\t\t\t\t<div class=\"row\">\n\t\t\t\t\t\t\t\t\t\n\t\t\t\t\t<div class=\"col-12 col-md-6 col-lg-3\">\n\t\t\t\t\t\t<div class=\"column\">\n\t\t\t\t\t\t\t<div class=\"arrow-right\"><img loading=\"lazy\" decoding=\"async\" class=\"alignnone wp-image-281 size-medium aligncenter\" src=\"https:\/\/dev.webber.nl\/gimex\/wp-content\/uploads\/2021\/08\/Schermafbeelding-2021-08-20-om-13.18.15-300x300.png\" alt=\"\" width=\"300\" height=\"300\" srcset=\"https:\/\/www.sourcing-ceramics.com\/wp-content\/uploads\/2021\/08\/Schermafbeelding-2021-08-20-om-13.18.15-300x300.png 300w, https:\/\/www.sourcing-ceramics.com\/wp-content\/uploads\/2021\/08\/Schermafbeelding-2021-08-20-om-13.18.15-150x150.png 150w, https:\/\/www.sourcing-ceramics.com\/wp-content\/uploads\/2021\/08\/Schermafbeelding-2021-08-20-om-13.18.15.png 583w\" sizes=\"auto, (max-width: 300px) 100vw, 300px\" \/><\/div>\n<h5 style=\"text-align: center;\">Zeichnung\/Spezifikationen hochladen<\/h5>\n<p style=\"text-align: center;\">Der erste Schritt besteht darin, Ihre Anforderungen hochzuladen. Dann beginnt unsere Aufgabe, Ihnen die beste L\u00f6sung zu bieten.<\/p>\n\t\t\t\t\t\t<\/div>\n\t\t\t\t\t<\/div>\n\t\t\t\t\t\t\t\t\t\n\t\t\t\t\t<div class=\"col-12 col-md-6 col-lg-3\">\n\t\t\t\t\t\t<div class=\"column\">\n\t\t\t\t\t\t\t<div class=\"arrow-right\"><img loading=\"lazy\" decoding=\"async\" class=\"alignnone size-medium wp-image-288 aligncenter\" src=\"https:\/\/dev.webber.nl\/gimex\/wp-content\/uploads\/2021\/08\/Schermafbeelding-2021-08-20-om-13.18.21-300x300.png\" alt=\"\" width=\"300\" height=\"300\" srcset=\"https:\/\/www.sourcing-ceramics.com\/wp-content\/uploads\/2021\/08\/Schermafbeelding-2021-08-20-om-13.18.21-300x300.png 300w, https:\/\/www.sourcing-ceramics.com\/wp-content\/uploads\/2021\/08\/Schermafbeelding-2021-08-20-om-13.18.21-150x150.png 150w, https:\/\/www.sourcing-ceramics.com\/wp-content\/uploads\/2021\/08\/Schermafbeelding-2021-08-20-om-13.18.21.png 601w\" sizes=\"auto, (max-width: 300px) 100vw, 300px\" \/><\/div>\n<h5 style=\"text-align: center;\">Den besten Fertigungspartner ausw\u00e4hlen<\/h5>\n<p style=\"text-align: center;\">Wir w\u00e4hlen aus unserem weltweiten Netzwerk den besten Fertigungspartner aus, damit Ihr Produkt zu den bestm\u00f6glichen Bedingungen hergestellt wird.<\/p>\n\t\t\t\t\t\t<\/div>\n\t\t\t\t\t<\/div>\n\t\t\t\t\t\t\t\t\t\n\t\t\t\t\t<div class=\"col-12 col-md-6 col-lg-3\">\n\t\t\t\t\t\t<div class=\"column\">\n\t\t\t\t\t\t\t<div class=\"arrow-right\"><img loading=\"lazy\" decoding=\"async\" class=\"alignnone wp-image-286 size-medium aligncenter\" src=\"https:\/\/dev.webber.nl\/gimex\/wp-content\/uploads\/2021\/08\/Schermafbeelding-2021-08-20-om-13.18.26-300x300.png\" alt=\"\" width=\"300\" height=\"300\" srcset=\"https:\/\/www.sourcing-ceramics.com\/wp-content\/uploads\/2021\/08\/Schermafbeelding-2021-08-20-om-13.18.26-300x300.png 300w, https:\/\/www.sourcing-ceramics.com\/wp-content\/uploads\/2021\/08\/Schermafbeelding-2021-08-20-om-13.18.26-150x150.png 150w, https:\/\/www.sourcing-ceramics.com\/wp-content\/uploads\/2021\/08\/Schermafbeelding-2021-08-20-om-13.18.26.png 578w\" sizes=\"auto, (max-width: 300px) 100vw, 300px\" \/><\/div>\n<h5 style=\"text-align: center;\">Versand und Zollabfertigung<\/h5>\n<p style=\"text-align: center;\">Wir k\u00fcmmern uns um alle logistischen Herausforderungen und Formalit\u00e4ten, die mit internationalem Handel verbunden sind.<\/p>\n\t\t\t\t\t\t<\/div>\n\t\t\t\t\t<\/div>\n\t\t\t\t\t\t\t\t\t\n\t\t\t\t\t<div class=\"col-12 col-md-6 col-lg-3\">\n\t\t\t\t\t\t<div class=\"column\">\n\t\t\t\t\t\t\t<p><img loading=\"lazy\" decoding=\"async\" class=\"alignnone wp-image-284 size-medium aligncenter\" src=\"https:\/\/dev.webber.nl\/gimex\/wp-content\/uploads\/2021\/08\/Schermafbeelding-2021-08-20-om-13.18.32-300x300.png\" alt=\"\" width=\"300\" height=\"300\" srcset=\"https:\/\/www.sourcing-ceramics.com\/wp-content\/uploads\/2021\/08\/Schermafbeelding-2021-08-20-om-13.18.32-300x300.png 300w, https:\/\/www.sourcing-ceramics.com\/wp-content\/uploads\/2021\/08\/Schermafbeelding-2021-08-20-om-13.18.32-150x150.png 150w, https:\/\/www.sourcing-ceramics.com\/wp-content\/uploads\/2021\/08\/Schermafbeelding-2021-08-20-om-13.18.32.png 583w\" sizes=\"auto, (max-width: 300px) 100vw, 300px\" \/><\/p>\n<h5 style=\"text-align: center;\">Qualit\u00e4tskontrolle und p\u00fcnktliche Lieferung<\/h5>\n<p style=\"text-align: center;\">Wir sorgen daf\u00fcr, dass die Bauteile Ihren Spezifikationen entsprechen und rechtzeitig in Ihrem Lager ankommen.<\/p>\n\t\t\t\t\t\t<\/div>\n\t\t\t\t\t<\/div>\n\t\t\t\t\t\t\t<\/div>\n\t\t\t<\/div>\n<\/section>\n\n\n<section class=\"module-cta\" style=\"background-image: url('https:\/\/www.sourcing-ceramics.com\/wp-content\/uploads\/2021\/09\/Desktop-_-Sourcing-Ceramics-_-home-Copy-8-1024x524.jpg');\">\n\t<div class=\"container module-cta__inner\">\n\t\t<div class=\"row\">\n\t\t\t<div class=\"col-12 col-lg-9\">\n\t\t\t\t\t\t\t\t\t<div class=\"title\">\n\t\t\t\t\t\tHolen Sie sich hier ein lohnendes Angebot!\t\t\t\t\t<\/div>\n\t\t\t\t\n\t\t\t\t\t\t\t\t\t<div class=\"subtitle\">\n\t\t\t\t\t\tLaden Sie Ihre Zeichnungen hoch, um zu beginnen\t\t\t\t\t<\/div>\n\t\t\t\t\t\t\t<\/div>\n\n\t\t\t<div class=\"col-12 col-lg-3\">\n\t\t\t\t\t\t\t<\/div>\n\n\t\t\t\t\t<\/div>\n\t<\/div>\n\n\t<div class=\"module-cta__overlay\">\n\t\t\n\t<\/div>\n<\/section>\n\n<section class=\"module-content\">\n\t<div class=\"container\">\n\t\t\t\t\t<div class=\"row\">\n\t\t\t\t<div class=\"col-12 title\">\n\t\t\t\t\t<h3><p><br data-mce-bogus=\"1\"><\/p>\n<\/h3>\n\t\t\t\t<\/div>\n\t\t\t<\/div>\n\t\t\n\t\t<!--COLUMNS-->\n\t\t\t\t\t\t\t\t<div class=\"row\">\n\t\t\t\t\t\t\t\t\t\n\t\t\t\t\t<div class=\"col-12 col-md-6 col-lg-4\">\n\t\t\t\t\t\t<div class=\"column\">\n\t\t\t\t\t\t\t<p><img loading=\"lazy\" decoding=\"async\" class=\"size-medium wp-image-632 aligncenter\" src=\"https:\/\/dev.webber.nl\/gimex\/wp-content\/uploads\/2021\/09\/quality-assurance-300x300.png\" alt=\"\" width=\"300\" height=\"300\" srcset=\"https:\/\/www.sourcing-ceramics.com\/wp-content\/uploads\/2021\/09\/quality-assurance-300x300.png 300w, https:\/\/www.sourcing-ceramics.com\/wp-content\/uploads\/2021\/09\/quality-assurance-150x150.png 150w, https:\/\/www.sourcing-ceramics.com\/wp-content\/uploads\/2021\/09\/quality-assurance.png 512w\" sizes=\"auto, (max-width: 300px) 100vw, 300px\" \/><\/p>\n<p style=\"text-align: center;\"><strong>Qualit\u00e4tsgarantie<\/strong><\/p>\n<p style=\"text-align: center;\">Alle gelieferten Teile werden von unserer Qualit\u00e4tsabteilung gepr\u00fcft. Messprotokolle stellen wir auf Anfrage zur Verf\u00fcgung.<\/p>\n\t\t\t\t\t\t<\/div>\n\t\t\t\t\t<\/div>\n\t\t\t\t\t\t\t\t\t\n\t\t\t\t\t<div class=\"col-12 col-md-6 col-lg-4\">\n\t\t\t\t\t\t<div class=\"column\">\n\t\t\t\t\t\t\t<p><img loading=\"lazy\" decoding=\"async\" class=\"size-medium wp-image-636 aligncenter\" src=\"https:\/\/dev.webber.nl\/gimex\/wp-content\/uploads\/2021\/09\/ip-protection-300x300.png\" alt=\"\" width=\"300\" height=\"300\" srcset=\"https:\/\/www.sourcing-ceramics.com\/wp-content\/uploads\/2021\/09\/ip-protection-300x300.png 300w, https:\/\/www.sourcing-ceramics.com\/wp-content\/uploads\/2021\/09\/ip-protection-150x150.png 150w, https:\/\/www.sourcing-ceramics.com\/wp-content\/uploads\/2021\/09\/ip-protection.png 512w\" sizes=\"auto, (max-width: 300px) 100vw, 300px\" \/><\/p>\n<p style=\"text-align: center;\"><strong>IP-Schutz<\/strong><\/p>\n<p style=\"text-align: center;\">Wir haben die Wichtigkeit von Vertraulichkeit verstanden und ergreifen alle erdenklichen Ma\u00dfnahmen, um Ihre IP zu sch\u00fctzen.<\/p>\n\t\t\t\t\t\t<\/div>\n\t\t\t\t\t<\/div>\n\t\t\t\t\t\t\t\t\t\n\t\t\t\t\t<div class=\"col-12 col-md-6 col-lg-4\">\n\t\t\t\t\t\t<div class=\"column\">\n\t\t\t\t\t\t\t<p><img loading=\"lazy\" decoding=\"async\" class=\"size-medium wp-image-634 aligncenter\" src=\"https:\/\/dev.webber.nl\/gimex\/wp-content\/uploads\/2021\/09\/cleaniness-300x300.png\" alt=\"\" width=\"300\" height=\"300\" srcset=\"https:\/\/www.sourcing-ceramics.com\/wp-content\/uploads\/2021\/09\/cleaniness-300x300.png 300w, https:\/\/www.sourcing-ceramics.com\/wp-content\/uploads\/2021\/09\/cleaniness-150x150.png 150w, https:\/\/www.sourcing-ceramics.com\/wp-content\/uploads\/2021\/09\/cleaniness.png 512w\" sizes=\"auto, (max-width: 300px) 100vw, 300px\" \/><\/p>\n<p style=\"text-align: center;\"><strong>Sauberkeit<\/strong><\/p>\n<p style=\"text-align: center;\">Produkte werden mit gr\u00f6\u00dfter Sorgfalt behandelt und k\u00f6nnen Ihren Spezifikationen entsprechend gereinigt werden. Das gilt auch f\u00fcr Vakuumanwendungen.<\/p>\n\t\t\t\t\t\t<\/div>\n\t\t\t\t\t<\/div>\n\t\t\t\t\t\t\t<\/div>\n\t\t\t<\/div>\n<\/section>\n\n\n<section class=\"module-image\" style=\"background-image: url('https:\/\/www.sourcing-ceramics.com\/wp-content\/uploads\/2021\/09\/R-GIMEX-23102018-8471-1920x1080.jpg');\">\n\t\t\t<div class=\"container module-image__inner\">\n\t\t\t<div class=\"row\">\n\t\t\t\t<div class=\"col-12 col-lg-10 offset-lg-1 text-center\">\n\t\t\t\t\t\t\t\t\t\t\t<div class=\"title\">\n\t\t\t\t\t\t\t<h3>Warum Sourcing Ceramics?<\/h3>\n\t\t\t\t\t\t<\/div>\n\t\t\t\t\t\n\t\t\t\t\t\t\t\t\t\t\t<div class=\"editor\">\n\t\t\t\t\t\t\t<ul>\n<li>Einfacher Zugang zu einem globalen Netzwerk von Lieferanten<\/li>\n<li>G\u00fcnstige Preise<\/li>\n<li>Ausgezeichneter Service<\/li>\n<li>Neutrale Produktionsberatung<\/li>\n<li>Qualifiziertes Netzwerk<\/li>\n<li>Basierend auf 40+ Jahren Erfahrung<\/li>\n<\/ul>\n\t\t\t\t\t\t<\/div>\n\t\t\t\t\t\t\t\t\t<\/div>\n\t\t\t<\/div>\n\t\t<\/div>\n\t\t\n\t\t<div class=\"module-image__overlay\">\n\t\t\t\n\t\t<\/div>\n\t<\/section>","protected":false},"excerpt":{"rendered":"","protected":false},"author":1,"featured_media":0,"parent":0,"menu_order":29,"comment_status":"closed","ping_status":"closed","template":"","meta":{"_acf_changed":false,"footnotes":""},"class_list":["post-33","page","type-page","status-publish","hentry"],"acf":[],"yoast_head":"<!-- This site is optimized with the Yoast SEO plugin v22.2 - https:\/\/yoast.com\/wordpress\/plugins\/seo\/ -->\n<title>Home - Sourcing Ceramics<\/title>\n<meta name=\"robots\" content=\"index, follow, max-snippet:-1, max-image-preview:large, max-video-preview:-1\" \/>\n<link rel=\"canonical\" href=\"https:\/\/www.sourcing-ceramics.com\/de\/\" \/>\n<meta property=\"og:locale\" content=\"de_DE\" \/>\n<meta property=\"og:type\" content=\"article\" \/>\n<meta property=\"og:title\" content=\"Home - Sourcing Ceramics\" \/>\n<meta property=\"og:url\" content=\"https:\/\/www.sourcing-ceramics.com\/de\/\" \/>\n<meta property=\"og:site_name\" content=\"Sourcing Ceramics\" \/>\n<meta property=\"article:modified_time\" content=\"2024-11-14T12:28:16+00:00\" \/>\n<meta name=\"twitter:card\" content=\"summary_large_image\" \/>\n<script type=\"application\/ld+json\" class=\"yoast-schema-graph\">{\"@context\":\"https:\/\/schema.org\",\"@graph\":[{\"@type\":\"WebPage\",\"@id\":\"https:\/\/www.sourcing-ceramics.com\/de\/\",\"url\":\"https:\/\/www.sourcing-ceramics.com\/de\/\",\"name\":\"Home - Sourcing Ceramics\",\"isPartOf\":{\"@id\":\"https:\/\/www.sourcing-ceramics.com\/de\/#website\"},\"datePublished\":\"2021-08-16T12:09:54+00:00\",\"dateModified\":\"2024-11-14T12:28:16+00:00\",\"breadcrumb\":{\"@id\":\"https:\/\/www.sourcing-ceramics.com\/de\/#breadcrumb\"},\"inLanguage\":\"de\",\"potentialAction\":[{\"@type\":\"ReadAction\",\"target\":[\"https:\/\/www.sourcing-ceramics.com\/de\/\"]}]},{\"@type\":\"BreadcrumbList\",\"@id\":\"https:\/\/www.sourcing-ceramics.com\/de\/#breadcrumb\",\"itemListElement\":[{\"@type\":\"ListItem\",\"position\":1,\"name\":\"Home\",\"item\":\"https:\/\/www.sourcing-ceramics.com\/de\/\"},{\"@type\":\"ListItem\",\"position\":2,\"name\":\"Home\"}]},{\"@type\":\"WebSite\",\"@id\":\"https:\/\/www.sourcing-ceramics.com\/de\/#website\",\"url\":\"https:\/\/www.sourcing-ceramics.com\/de\/\",\"name\":\"Sourcing Ceramics\",\"description\":\"\",\"potentialAction\":[{\"@type\":\"SearchAction\",\"target\":{\"@type\":\"EntryPoint\",\"urlTemplate\":\"https:\/\/www.sourcing-ceramics.com\/de\/?s={search_term_string}\"},\"query-input\":\"required name=search_term_string\"}],\"inLanguage\":\"de\"}]}<\/script>\n<!-- \/ Yoast SEO plugin. -->","yoast_head_json":{"title":"Home - Sourcing Ceramics","robots":{"index":"index","follow":"follow","max-snippet":"max-snippet:-1","max-image-preview":"max-image-preview:large","max-video-preview":"max-video-preview:-1"},"canonical":"https:\/\/www.sourcing-ceramics.com\/de\/","og_locale":"de_DE","og_type":"article","og_title":"Home - Sourcing Ceramics","og_url":"https:\/\/www.sourcing-ceramics.com\/de\/","og_site_name":"Sourcing Ceramics","article_modified_time":"2024-11-14T12:28:16+00:00","twitter_card":"summary_large_image","schema":{"@context":"https:\/\/schema.org","@graph":[{"@type":"WebPage","@id":"https:\/\/www.sourcing-ceramics.com\/de\/","url":"https:\/\/www.sourcing-ceramics.com\/de\/","name":"Home - Sourcing Ceramics","isPartOf":{"@id":"https:\/\/www.sourcing-ceramics.com\/de\/#website"},"datePublished":"2021-08-16T12:09:54+00:00","dateModified":"2024-11-14T12:28:16+00:00","breadcrumb":{"@id":"https:\/\/www.sourcing-ceramics.com\/de\/#breadcrumb"},"inLanguage":"de","potentialAction":[{"@type":"ReadAction","target":["https:\/\/www.sourcing-ceramics.com\/de\/"]}]},{"@type":"BreadcrumbList","@id":"https:\/\/www.sourcing-ceramics.com\/de\/#breadcrumb","itemListElement":[{"@type":"ListItem","position":1,"name":"Home","item":"https:\/\/www.sourcing-ceramics.com\/de\/"},{"@type":"ListItem","position":2,"name":"Home"}]},{"@type":"WebSite","@id":"https:\/\/www.sourcing-ceramics.com\/de\/#website","url":"https:\/\/www.sourcing-ceramics.com\/de\/","name":"Sourcing Ceramics","description":"","potentialAction":[{"@type":"SearchAction","target":{"@type":"EntryPoint","urlTemplate":"https:\/\/www.sourcing-ceramics.com\/de\/?s={search_term_string}"},"query-input":"required name=search_term_string"}],"inLanguage":"de"}]}},"_links":{"self":[{"href":"https:\/\/www.sourcing-ceramics.com\/de\/wp-json\/wp\/v2\/pages\/33","targetHints":{"allow":["GET"]}}],"collection":[{"href":"https:\/\/www.sourcing-ceramics.com\/de\/wp-json\/wp\/v2\/pages"}],"about":[{"href":"https:\/\/www.sourcing-ceramics.com\/de\/wp-json\/wp\/v2\/types\/page"}],"author":[{"embeddable":true,"href":"https:\/\/www.sourcing-ceramics.com\/de\/wp-json\/wp\/v2\/users\/1"}],"replies":[{"embeddable":true,"href":"https:\/\/www.sourcing-ceramics.com\/de\/wp-json\/wp\/v2\/comments?post=33"}],"version-history":[{"count":7,"href":"https:\/\/www.sourcing-ceramics.com\/de\/wp-json\/wp\/v2\/pages\/33\/revisions"}],"predecessor-version":[{"id":2872,"href":"https:\/\/www.sourcing-ceramics.com\/de\/wp-json\/wp\/v2\/pages\/33\/revisions\/2872"}],"wp:attachment":[{"href":"https:\/\/www.sourcing-ceramics.com\/de\/wp-json\/wp\/v2\/media?parent=33"}],"curies":[{"name":"wp","href":"https:\/\/api.w.org\/{rel}","templated":true}]}}