{"id":2023,"date":"2022-01-31T13:35:24","date_gmt":"2022-01-31T12:35:24","guid":{"rendered":"https:\/\/www.sourcing-ceramics.com\/?page_id=2023"},"modified":"2022-01-31T13:35:26","modified_gmt":"2022-01-31T12:35:26","slug":"duesen","status":"publish","type":"page","link":"https:\/\/www.sourcing-ceramics.com\/de\/applications\/verschleissfeste-keramik\/duesen\/","title":{"rendered":"D\u00fcsen"},"content":{"rendered":"<section class=\"module-content\">\n\t<div class=\"container\">\n\t\t\t\t\t<div class=\"row\">\n\t\t\t\t<div class=\"col-12 title\">\n\t\t\t\t\t<h3><p>D\u00fcsen<\/p>\n<\/h3>\n\t\t\t\t<\/div>\n\t\t\t<\/div>\n\t\t\n\t\t<!--COLUMNS-->\n\t\t\t\t\t\t\t\t<div class=\"row\">\n\t\t\t\t\t\t\t\t\t\n\t\t\t\t\t<div class=\"col-12 col-md-6\">\n\t\t\t\t\t\t<div class=\"column\">\n\t\t\t\t\t\t\t<p>Keramische D\u00fcsen werden dann genutzt, wenn abrasive Stoffe gespritzt oder gestrahlt werden. Die H\u00e4rte des Materials senkt den Verschlei\u00df und erh\u00f6ht die Lebensdauer der Anlage. D\u00fcsen f\u00fcr das Kugelstrahlen werden normalerweise aus Borkarbid hergestellt. Das ist das h\u00e4rteste zur Verf\u00fcgung stehende Keramikmaterial, es wird ben\u00f6tigt, damit die Bauteile den beim Strahlen eingesetzten abrasiven Materialien standhalten. D\u00fcsen aus Aluminiumoxid werden in weniger anspruchsvollen Situationen genutzt. Wir liefern h\u00e4ufig D\u00fcsen f\u00fcr die Baggerindustrie. Diese D\u00fcsen werden dazu benutzt, eine Mischung aus Sand und Wasser auf den Boden zu spritzen, um die Erde zu lockern.<\/p>\n\t\t\t\t\t\t<\/div>\n\t\t\t\t\t<\/div>\n\t\t\t\t\t\t\t\t\t\n\t\t\t\t\t<div class=\"col-12 col-md-6\">\n\t\t\t\t\t\t<div class=\"column\">\n\t\t\t\t\t\t\t<p><img loading=\"lazy\" decoding=\"async\" class=\"wp-image-1639 aligncenter\" src=\"https:\/\/dev.webber.nl\/gimex\/wp-content\/uploads\/2021\/11\/gimex0302-scaled-e1635758620415-300x180.jpg\" alt=\"Alumina nozzles off shore industry\" width=\"577\" height=\"347\" srcset=\"https:\/\/www.sourcing-ceramics.com\/wp-content\/uploads\/2021\/11\/gimex0302-scaled-e1635758620415-300x180.jpg 300w, https:\/\/www.sourcing-ceramics.com\/wp-content\/uploads\/2021\/11\/gimex0302-scaled-e1635758620415-768x460.jpg 768w, https:\/\/www.sourcing-ceramics.com\/wp-content\/uploads\/2021\/11\/gimex0302-scaled-e1635758620415-1536x920.jpg 1536w, https:\/\/www.sourcing-ceramics.com\/wp-content\/uploads\/2021\/11\/gimex0302-scaled-e1635758620415-2048x1227.jpg 2048w\" sizes=\"auto, (max-width: 577px) 100vw, 577px\" \/><\/p>\n\t\t\t\t\t\t<\/div>\n\t\t\t\t\t<\/div>\n\t\t\t\t\t\t\t<\/div>\n\t\t\t<\/div>\n<\/section>\n\n\n<section class=\"module-cta\" style=\"background-image: url('https:\/\/www.sourcing-ceramics.com\/wp-content\/uploads\/2021\/10\/gimex0145-e1634218790113-1024x607.png');\">\n\t<div class=\"container module-cta__inner\">\n\t\t<div class=\"row\">\n\t\t\t<div class=\"col-12 col-lg-9\">\n\t\t\t\t\t\t\t\t\t<div class=\"title\">\n\t\t\t\t\t\tHolen Sie sich hier ein lohnendes Angebot f\u00fcr Ihre D\u00fcsen!\t\t\t\t\t<\/div>\n\t\t\t\t\n\t\t\t\t\t\t\t\t\t<div class=\"subtitle\">\n\t\t\t\t\t\tAlle keramischen Materialien sind verf\u00fcgbar\t\t\t\t\t<\/div>\n\t\t\t\t\t\t\t<\/div>\n\n\t\t\t<div class=\"col-12 col-lg-3\">\n\t\t\t\t\t\t\t\t\t<a class=\"btn\" href=\"https:\/\/www.sourcing-ceramics.com\/de\/anfrage\/\">\n\t\t\t\t\t\tLaden Sie Ihre Zeichnung hoch\t\t\t\t\t<\/a>\n\t\t\t\t\t\t\t<\/div>\n\n\t\t\t\t\t<\/div>\n\t<\/div>\n\n\t<div class=\"module-cta__overlay\">\n\t\t\n\t<\/div>\n<\/section>","protected":false},"excerpt":{"rendered":"","protected":false},"author":2,"featured_media":0,"parent":2020,"menu_order":27,"comment_status":"closed","ping_status":"closed","template":"","meta":{"_acf_changed":false,"footnotes":""},"class_list":["post-2023","page","type-page","status-publish","hentry"],"acf":[],"yoast_head":"<!-- This site is optimized with the Yoast SEO plugin v22.2 - https:\/\/yoast.com\/wordpress\/plugins\/seo\/ -->\n<title>D\u00fcsen - Sourcing Ceramics<\/title>\n<meta name=\"robots\" content=\"index, follow, max-snippet:-1, max-image-preview:large, max-video-preview:-1\" \/>\n<link rel=\"canonical\" href=\"https:\/\/www.sourcing-ceramics.com\/de\/all\/applications\/verschleissfeste-keramik\/duesen\/\" \/>\n<meta property=\"og:locale\" content=\"de_DE\" \/>\n<meta property=\"og:type\" content=\"article\" \/>\n<meta property=\"og:title\" content=\"D\u00fcsen - Sourcing Ceramics\" \/>\n<meta property=\"og:url\" content=\"https:\/\/www.sourcing-ceramics.com\/de\/all\/applications\/verschleissfeste-keramik\/duesen\/\" \/>\n<meta property=\"og:site_name\" content=\"Sourcing Ceramics\" \/>\n<meta property=\"article:modified_time\" content=\"2022-01-31T12:35:26+00:00\" \/>\n<meta name=\"twitter:card\" content=\"summary_large_image\" \/>\n<script type=\"application\/ld+json\" class=\"yoast-schema-graph\">{\"@context\":\"https:\/\/schema.org\",\"@graph\":[{\"@type\":\"WebPage\",\"@id\":\"https:\/\/www.sourcing-ceramics.com\/de\/all\/applications\/verschleissfeste-keramik\/duesen\/\",\"url\":\"https:\/\/www.sourcing-ceramics.com\/de\/all\/applications\/verschleissfeste-keramik\/duesen\/\",\"name\":\"D\u00fcsen - Sourcing Ceramics\",\"isPartOf\":{\"@id\":\"https:\/\/www.sourcing-ceramics.com\/de\/#website\"},\"datePublished\":\"2022-01-31T12:35:24+00:00\",\"dateModified\":\"2022-01-31T12:35:26+00:00\",\"breadcrumb\":{\"@id\":\"https:\/\/www.sourcing-ceramics.com\/de\/all\/applications\/verschleissfeste-keramik\/duesen\/#breadcrumb\"},\"inLanguage\":\"de\",\"potentialAction\":[{\"@type\":\"ReadAction\",\"target\":[\"https:\/\/www.sourcing-ceramics.com\/de\/all\/applications\/verschleissfeste-keramik\/duesen\/\"]}]},{\"@type\":\"BreadcrumbList\",\"@id\":\"https:\/\/www.sourcing-ceramics.com\/de\/all\/applications\/verschleissfeste-keramik\/duesen\/#breadcrumb\",\"itemListElement\":[{\"@type\":\"ListItem\",\"position\":1,\"name\":\"Home\",\"item\":\"https:\/\/www.sourcing-ceramics.com\/de\/\"},{\"@type\":\"ListItem\",\"position\":2,\"name\":\"Anwendungen\",\"item\":\"https:\/\/www.sourcing-ceramics.com\/de\/applications\/\"},{\"@type\":\"ListItem\",\"position\":3,\"name\":\"Verschlei\u00dffeste Keramik\",\"item\":\"https:\/\/www.sourcing-ceramics.com\/de\/all\/applications\/verschleissfeste-keramik\/\"},{\"@type\":\"ListItem\",\"position\":4,\"name\":\"D\u00fcsen\"}]},{\"@type\":\"WebSite\",\"@id\":\"https:\/\/www.sourcing-ceramics.com\/de\/#website\",\"url\":\"https:\/\/www.sourcing-ceramics.com\/de\/\",\"name\":\"Sourcing Ceramics\",\"description\":\"\",\"potentialAction\":[{\"@type\":\"SearchAction\",\"target\":{\"@type\":\"EntryPoint\",\"urlTemplate\":\"https:\/\/www.sourcing-ceramics.com\/de\/?s={search_term_string}\"},\"query-input\":\"required name=search_term_string\"}],\"inLanguage\":\"de\"}]}<\/script>\n<!-- \/ Yoast SEO plugin. -->","yoast_head_json":{"title":"D\u00fcsen - Sourcing Ceramics","robots":{"index":"index","follow":"follow","max-snippet":"max-snippet:-1","max-image-preview":"max-image-preview:large","max-video-preview":"max-video-preview:-1"},"canonical":"https:\/\/www.sourcing-ceramics.com\/de\/all\/applications\/verschleissfeste-keramik\/duesen\/","og_locale":"de_DE","og_type":"article","og_title":"D\u00fcsen - Sourcing Ceramics","og_url":"https:\/\/www.sourcing-ceramics.com\/de\/all\/applications\/verschleissfeste-keramik\/duesen\/","og_site_name":"Sourcing Ceramics","article_modified_time":"2022-01-31T12:35:26+00:00","twitter_card":"summary_large_image","schema":{"@context":"https:\/\/schema.org","@graph":[{"@type":"WebPage","@id":"https:\/\/www.sourcing-ceramics.com\/de\/all\/applications\/verschleissfeste-keramik\/duesen\/","url":"https:\/\/www.sourcing-ceramics.com\/de\/all\/applications\/verschleissfeste-keramik\/duesen\/","name":"D\u00fcsen - Sourcing Ceramics","isPartOf":{"@id":"https:\/\/www.sourcing-ceramics.com\/de\/#website"},"datePublished":"2022-01-31T12:35:24+00:00","dateModified":"2022-01-31T12:35:26+00:00","breadcrumb":{"@id":"https:\/\/www.sourcing-ceramics.com\/de\/all\/applications\/verschleissfeste-keramik\/duesen\/#breadcrumb"},"inLanguage":"de","potentialAction":[{"@type":"ReadAction","target":["https:\/\/www.sourcing-ceramics.com\/de\/all\/applications\/verschleissfeste-keramik\/duesen\/"]}]},{"@type":"BreadcrumbList","@id":"https:\/\/www.sourcing-ceramics.com\/de\/all\/applications\/verschleissfeste-keramik\/duesen\/#breadcrumb","itemListElement":[{"@type":"ListItem","position":1,"name":"Home","item":"https:\/\/www.sourcing-ceramics.com\/de\/"},{"@type":"ListItem","position":2,"name":"Anwendungen","item":"https:\/\/www.sourcing-ceramics.com\/de\/applications\/"},{"@type":"ListItem","position":3,"name":"Verschlei\u00dffeste Keramik","item":"https:\/\/www.sourcing-ceramics.com\/de\/all\/applications\/verschleissfeste-keramik\/"},{"@type":"ListItem","position":4,"name":"D\u00fcsen"}]},{"@type":"WebSite","@id":"https:\/\/www.sourcing-ceramics.com\/de\/#website","url":"https:\/\/www.sourcing-ceramics.com\/de\/","name":"Sourcing Ceramics","description":"","potentialAction":[{"@type":"SearchAction","target":{"@type":"EntryPoint","urlTemplate":"https:\/\/www.sourcing-ceramics.com\/de\/?s={search_term_string}"},"query-input":"required name=search_term_string"}],"inLanguage":"de"}]}},"_links":{"self":[{"href":"https:\/\/www.sourcing-ceramics.com\/de\/wp-json\/wp\/v2\/pages\/2023","targetHints":{"allow":["GET"]}}],"collection":[{"href":"https:\/\/www.sourcing-ceramics.com\/de\/wp-json\/wp\/v2\/pages"}],"about":[{"href":"https:\/\/www.sourcing-ceramics.com\/de\/wp-json\/wp\/v2\/types\/page"}],"author":[{"embeddable":true,"href":"https:\/\/www.sourcing-ceramics.com\/de\/wp-json\/wp\/v2\/users\/2"}],"replies":[{"embeddable":true,"href":"https:\/\/www.sourcing-ceramics.com\/de\/wp-json\/wp\/v2\/comments?post=2023"}],"version-history":[{"count":2,"href":"https:\/\/www.sourcing-ceramics.com\/de\/wp-json\/wp\/v2\/pages\/2023\/revisions"}],"predecessor-version":[{"id":2025,"href":"https:\/\/www.sourcing-ceramics.com\/de\/wp-json\/wp\/v2\/pages\/2023\/revisions\/2025"}],"up":[{"embeddable":true,"href":"https:\/\/www.sourcing-ceramics.com\/de\/wp-json\/wp\/v2\/pages\/2020"}],"wp:attachment":[{"href":"https:\/\/www.sourcing-ceramics.com\/de\/wp-json\/wp\/v2\/media?parent=2023"}],"curies":[{"name":"wp","href":"https:\/\/api.w.org\/{rel}","templated":true}]}}