{"id":2016,"date":"2022-01-31T13:30:06","date_gmt":"2022-01-31T12:30:06","guid":{"rendered":"https:\/\/www.sourcing-ceramics.com\/?page_id=2016"},"modified":"2022-01-31T13:30:08","modified_gmt":"2022-01-31T12:30:08","slug":"schweissstifte","status":"publish","type":"page","link":"https:\/\/www.sourcing-ceramics.com\/de\/applications\/hochtemperatur-keramik\/schweissstifte\/","title":{"rendered":"Schwei\u00dfstifte"},"content":{"rendered":"<section class=\"module-content\">\n\t<div class=\"container\">\n\t\t\t\t\t<div class=\"row\">\n\t\t\t\t<div class=\"col-12 title\">\n\t\t\t\t\t<h3><h1>Welding pins<\/h1>\n<\/h3>\n\t\t\t\t<\/div>\n\t\t\t<\/div>\n\t\t\n\t\t<!--COLUMNS-->\n\t\t\t\t\t\t\t\t<div class=\"row\">\n\t\t\t\t\t\t\t\t\t\n\t\t\t\t\t<div class=\"col-12 col-md-6\">\n\t\t\t\t\t\t<div class=\"column\">\n\t\t\t\t\t\t\t<p>Keramische Schwei\u00dfstifte finden in der Autoindustrie Verwendung, um Bauteile f\u00fcr das Buckel- und Widerstandsschwei\u00dfen zu positionieren. Diese Stifte m\u00fcssen elektrisch isoliert und best\u00e4ndig gegen Temperaturwechsel sein. Unsere g\u00e4ngigsten Materialien f\u00fcr diese Anwendung sind Siliziumnitrid und Zirkoniumoxid.<\/p>\n<p>In den meisten F\u00e4llen ist Siliziumnitrid das bevorzugte Material, es hat ausgezeichnete mechanische, thermische und chemische Eigenschaften. Daher ist es f\u00fcr Anwendungen im Bereich der Metallformung extrem gut geeignet. In Situationen, in denen eine gr\u00f6\u00dfere Z\u00e4higkeit erforderlich ist, im Fall von starken St\u00f6\u00dfen, kann Zirkoniumoxid die bessere Wahl sein. Zirkoniumoxid hat zudem eine niedrigere W\u00e4rmeleitf\u00e4higkeit und einen \u00e4hnlichen Ausdehnungskoeffizienten wie Metalle.<\/p>\n\t\t\t\t\t\t<\/div>\n\t\t\t\t\t<\/div>\n\t\t\t\t\t\t\t\t\t\n\t\t\t\t\t<div class=\"col-12 col-md-6\">\n\t\t\t\t\t\t<div class=\"column\">\n\t\t\t\t\t\t\t<p><img loading=\"lazy\" decoding=\"async\" class=\"wp-image-1636 alignright\" src=\"https:\/\/dev.webber.nl\/gimex\/wp-content\/uploads\/2021\/11\/gimex0311-1-scaled-e1635758423514-300x285.jpg\" alt=\"Zirconium oxide welding pins\" width=\"487\" height=\"463\" srcset=\"https:\/\/www.sourcing-ceramics.com\/wp-content\/uploads\/2021\/11\/gimex0311-1-scaled-e1635758423514-300x285.jpg 300w, https:\/\/www.sourcing-ceramics.com\/wp-content\/uploads\/2021\/11\/gimex0311-1-scaled-e1635758423514-1024x972.jpg 1024w, https:\/\/www.sourcing-ceramics.com\/wp-content\/uploads\/2021\/11\/gimex0311-1-scaled-e1635758423514-768x729.jpg 768w, https:\/\/www.sourcing-ceramics.com\/wp-content\/uploads\/2021\/11\/gimex0311-1-scaled-e1635758423514.jpg 1267w\" sizes=\"auto, (max-width: 487px) 100vw, 487px\" \/><\/p>\n\t\t\t\t\t\t<\/div>\n\t\t\t\t\t<\/div>\n\t\t\t\t\t\t\t<\/div>\n\t\t\t<\/div>\n<\/section>\n\n\n<section class=\"module-cta\" style=\"background-image: url('https:\/\/www.sourcing-ceramics.com\/wp-content\/uploads\/2021\/10\/gimex0145-e1634218790113-1024x607.png');\">\n\t<div class=\"container module-cta__inner\">\n\t\t<div class=\"row\">\n\t\t\t<div class=\"col-12 col-lg-9\">\n\t\t\t\t\t\t\t\t\t<div class=\"title\">\n\t\t\t\t\t\tHolen Sie sich hier ein lohnendes Angebot f\u00fcr Schwei\u00dfstifte !\t\t\t\t\t<\/div>\n\t\t\t\t\n\t\t\t\t\t\t\t\t\t<div class=\"subtitle\">\n\t\t\t\t\t\tErhalten Sie Ihr Angebot innerhalb von 48 Stunden\t\t\t\t\t<\/div>\n\t\t\t\t\t\t\t<\/div>\n\n\t\t\t<div class=\"col-12 col-lg-3\">\n\t\t\t\t\t\t\t\t\t<a class=\"btn\" href=\"https:\/\/www.sourcing-ceramics.com\/de\/anfrage\/\">\n\t\t\t\t\t\tLaden Sie Ihre Zeichnung hoch\t\t\t\t\t<\/a>\n\t\t\t\t\t\t\t<\/div>\n\n\t\t\t\t\t<\/div>\n\t<\/div>\n\n\t<div class=\"module-cta__overlay\">\n\t\t\n\t<\/div>\n<\/section>","protected":false},"excerpt":{"rendered":"","protected":false},"author":2,"featured_media":0,"parent":2004,"menu_order":25,"comment_status":"closed","ping_status":"closed","template":"","meta":{"_acf_changed":false,"footnotes":""},"class_list":["post-2016","page","type-page","status-publish","hentry"],"acf":[],"yoast_head":"<!-- This site is optimized with the Yoast SEO plugin v22.2 - https:\/\/yoast.com\/wordpress\/plugins\/seo\/ -->\n<title>Schwei\u00dfstifte - Sourcing Ceramics<\/title>\n<meta name=\"robots\" content=\"index, follow, max-snippet:-1, max-image-preview:large, max-video-preview:-1\" \/>\n<link rel=\"canonical\" href=\"https:\/\/www.sourcing-ceramics.com\/de\/all\/applications\/hochtemperatur-keramik\/schweissstifte\/\" \/>\n<meta property=\"og:locale\" content=\"de_DE\" \/>\n<meta property=\"og:type\" content=\"article\" \/>\n<meta property=\"og:title\" content=\"Schwei\u00dfstifte - Sourcing Ceramics\" \/>\n<meta property=\"og:url\" content=\"https:\/\/www.sourcing-ceramics.com\/de\/all\/applications\/hochtemperatur-keramik\/schweissstifte\/\" \/>\n<meta property=\"og:site_name\" content=\"Sourcing Ceramics\" \/>\n<meta property=\"article:modified_time\" content=\"2022-01-31T12:30:08+00:00\" \/>\n<meta name=\"twitter:card\" content=\"summary_large_image\" \/>\n<script type=\"application\/ld+json\" class=\"yoast-schema-graph\">{\"@context\":\"https:\/\/schema.org\",\"@graph\":[{\"@type\":\"WebPage\",\"@id\":\"https:\/\/www.sourcing-ceramics.com\/de\/all\/applications\/hochtemperatur-keramik\/schweissstifte\/\",\"url\":\"https:\/\/www.sourcing-ceramics.com\/de\/all\/applications\/hochtemperatur-keramik\/schweissstifte\/\",\"name\":\"Schwei\u00dfstifte - Sourcing Ceramics\",\"isPartOf\":{\"@id\":\"https:\/\/www.sourcing-ceramics.com\/de\/#website\"},\"datePublished\":\"2022-01-31T12:30:06+00:00\",\"dateModified\":\"2022-01-31T12:30:08+00:00\",\"breadcrumb\":{\"@id\":\"https:\/\/www.sourcing-ceramics.com\/de\/all\/applications\/hochtemperatur-keramik\/schweissstifte\/#breadcrumb\"},\"inLanguage\":\"de\",\"potentialAction\":[{\"@type\":\"ReadAction\",\"target\":[\"https:\/\/www.sourcing-ceramics.com\/de\/all\/applications\/hochtemperatur-keramik\/schweissstifte\/\"]}]},{\"@type\":\"BreadcrumbList\",\"@id\":\"https:\/\/www.sourcing-ceramics.com\/de\/all\/applications\/hochtemperatur-keramik\/schweissstifte\/#breadcrumb\",\"itemListElement\":[{\"@type\":\"ListItem\",\"position\":1,\"name\":\"Home\",\"item\":\"https:\/\/www.sourcing-ceramics.com\/de\/\"},{\"@type\":\"ListItem\",\"position\":2,\"name\":\"Anwendungen\",\"item\":\"https:\/\/www.sourcing-ceramics.com\/de\/applications\/\"},{\"@type\":\"ListItem\",\"position\":3,\"name\":\"Hochtemperatur-Keramik\",\"item\":\"https:\/\/www.sourcing-ceramics.com\/de\/all\/applications\/hochtemperatur-keramik\/\"},{\"@type\":\"ListItem\",\"position\":4,\"name\":\"Schwei\u00dfstifte\"}]},{\"@type\":\"WebSite\",\"@id\":\"https:\/\/www.sourcing-ceramics.com\/de\/#website\",\"url\":\"https:\/\/www.sourcing-ceramics.com\/de\/\",\"name\":\"Sourcing Ceramics\",\"description\":\"\",\"potentialAction\":[{\"@type\":\"SearchAction\",\"target\":{\"@type\":\"EntryPoint\",\"urlTemplate\":\"https:\/\/www.sourcing-ceramics.com\/de\/?s={search_term_string}\"},\"query-input\":\"required name=search_term_string\"}],\"inLanguage\":\"de\"}]}<\/script>\n<!-- \/ Yoast SEO plugin. -->","yoast_head_json":{"title":"Schwei\u00dfstifte - Sourcing Ceramics","robots":{"index":"index","follow":"follow","max-snippet":"max-snippet:-1","max-image-preview":"max-image-preview:large","max-video-preview":"max-video-preview:-1"},"canonical":"https:\/\/www.sourcing-ceramics.com\/de\/all\/applications\/hochtemperatur-keramik\/schweissstifte\/","og_locale":"de_DE","og_type":"article","og_title":"Schwei\u00dfstifte - Sourcing Ceramics","og_url":"https:\/\/www.sourcing-ceramics.com\/de\/all\/applications\/hochtemperatur-keramik\/schweissstifte\/","og_site_name":"Sourcing Ceramics","article_modified_time":"2022-01-31T12:30:08+00:00","twitter_card":"summary_large_image","schema":{"@context":"https:\/\/schema.org","@graph":[{"@type":"WebPage","@id":"https:\/\/www.sourcing-ceramics.com\/de\/all\/applications\/hochtemperatur-keramik\/schweissstifte\/","url":"https:\/\/www.sourcing-ceramics.com\/de\/all\/applications\/hochtemperatur-keramik\/schweissstifte\/","name":"Schwei\u00dfstifte - Sourcing Ceramics","isPartOf":{"@id":"https:\/\/www.sourcing-ceramics.com\/de\/#website"},"datePublished":"2022-01-31T12:30:06+00:00","dateModified":"2022-01-31T12:30:08+00:00","breadcrumb":{"@id":"https:\/\/www.sourcing-ceramics.com\/de\/all\/applications\/hochtemperatur-keramik\/schweissstifte\/#breadcrumb"},"inLanguage":"de","potentialAction":[{"@type":"ReadAction","target":["https:\/\/www.sourcing-ceramics.com\/de\/all\/applications\/hochtemperatur-keramik\/schweissstifte\/"]}]},{"@type":"BreadcrumbList","@id":"https:\/\/www.sourcing-ceramics.com\/de\/all\/applications\/hochtemperatur-keramik\/schweissstifte\/#breadcrumb","itemListElement":[{"@type":"ListItem","position":1,"name":"Home","item":"https:\/\/www.sourcing-ceramics.com\/de\/"},{"@type":"ListItem","position":2,"name":"Anwendungen","item":"https:\/\/www.sourcing-ceramics.com\/de\/applications\/"},{"@type":"ListItem","position":3,"name":"Hochtemperatur-Keramik","item":"https:\/\/www.sourcing-ceramics.com\/de\/all\/applications\/hochtemperatur-keramik\/"},{"@type":"ListItem","position":4,"name":"Schwei\u00dfstifte"}]},{"@type":"WebSite","@id":"https:\/\/www.sourcing-ceramics.com\/de\/#website","url":"https:\/\/www.sourcing-ceramics.com\/de\/","name":"Sourcing Ceramics","description":"","potentialAction":[{"@type":"SearchAction","target":{"@type":"EntryPoint","urlTemplate":"https:\/\/www.sourcing-ceramics.com\/de\/?s={search_term_string}"},"query-input":"required name=search_term_string"}],"inLanguage":"de"}]}},"_links":{"self":[{"href":"https:\/\/www.sourcing-ceramics.com\/de\/wp-json\/wp\/v2\/pages\/2016","targetHints":{"allow":["GET"]}}],"collection":[{"href":"https:\/\/www.sourcing-ceramics.com\/de\/wp-json\/wp\/v2\/pages"}],"about":[{"href":"https:\/\/www.sourcing-ceramics.com\/de\/wp-json\/wp\/v2\/types\/page"}],"author":[{"embeddable":true,"href":"https:\/\/www.sourcing-ceramics.com\/de\/wp-json\/wp\/v2\/users\/2"}],"replies":[{"embeddable":true,"href":"https:\/\/www.sourcing-ceramics.com\/de\/wp-json\/wp\/v2\/comments?post=2016"}],"version-history":[{"count":3,"href":"https:\/\/www.sourcing-ceramics.com\/de\/wp-json\/wp\/v2\/pages\/2016\/revisions"}],"predecessor-version":[{"id":2019,"href":"https:\/\/www.sourcing-ceramics.com\/de\/wp-json\/wp\/v2\/pages\/2016\/revisions\/2019"}],"up":[{"embeddable":true,"href":"https:\/\/www.sourcing-ceramics.com\/de\/wp-json\/wp\/v2\/pages\/2004"}],"wp:attachment":[{"href":"https:\/\/www.sourcing-ceramics.com\/de\/wp-json\/wp\/v2\/media?parent=2016"}],"curies":[{"name":"wp","href":"https:\/\/api.w.org\/{rel}","templated":true}]}}