{"id":2012,"date":"2022-01-31T13:27:44","date_gmt":"2022-01-31T12:27:44","guid":{"rendered":"https:\/\/www.sourcing-ceramics.com\/?page_id=2012"},"modified":"2022-01-31T13:27:47","modified_gmt":"2022-01-31T12:27:47","slug":"thermoschockbestaendigkeit","status":"publish","type":"page","link":"https:\/\/www.sourcing-ceramics.com\/de\/applications\/hochtemperatur-keramik\/thermoschockbestaendigkeit\/","title":{"rendered":"Thermoschockbest\u00e4ndigkeit"},"content":{"rendered":"<section class=\"module-content\">\n\t<div class=\"container\">\n\t\t\t\t\t<div class=\"row\">\n\t\t\t\t<div class=\"col-12 title\">\n\t\t\t\t\t<h3><h1>Thermoschockbest\u00e4ndigkeit<\/h1>\n<\/h3>\n\t\t\t\t<\/div>\n\t\t\t<\/div>\n\t\t\n\t\t<!--COLUMNS-->\n\t\t\t\t\t\t\t\t<div class=\"row\">\n\t\t\t\t\t\t\t\t\t\n\t\t\t\t\t<div class=\"col-12 col-md-6\">\n\t\t\t\t\t\t<div class=\"column\">\n\t\t\t\t\t\t\t<p>Thermoschockbest\u00e4ndigkeit ist die F\u00e4higkeit eines Materials, der mechanischen Belastung durch einen schnellen Temperaturwechsel standzuhalten. Wenn das Material nicht in der Lage ist, mit den Temperaturschwankungen umzugehen, wird es vermutlich rei\u00dfen, weil die Spannungen zu gro\u00df f\u00fcr die Zugfestigkeit des Materials sind. Dieses Risiko gibt es bei keramischem Material, das Hochtemperaturumgebungen ausgesetzt ist. Dabei ist die Art des Materials der wichtigste Faktor, aber auch die Dicke und die \u00dcberg\u00e4nge in der Konstruktion beeinflussen die Widerstandsf\u00e4higkeit eines Bauteils.<\/p>\n<p>Wenn Keramikbauteile in \u00d6fen verwendet werden, muss man wissen, wie viel Zeit erforderlich ist, um die Bauteile abzuk\u00fchlen und zu erhitzen. Teile aus Aluminiumoxid k\u00f6nnen einen Temperaturanstieg von ungef\u00e4hr 200 \u00b0C pro Stunde vertragen. Andere Materialien wie Siliziumnitrid und Bornitrid k\u00f6nnen einem direkten Kontakt mit geschmolzenen Metallen (Nichteisenmetallen) standhalten.<\/p>\n\t\t\t\t\t\t<\/div>\n\t\t\t\t\t<\/div>\n\t\t\t\t\t\t\t\t\t\n\t\t\t\t\t<div class=\"col-12 col-md-6\">\n\t\t\t\t\t\t<div class=\"column\">\n\t\t\t\t\t\t\t<p><img loading=\"lazy\" decoding=\"async\" class=\"wp-image-1274 alignright\" src=\"https:\/\/dev.webber.nl\/gimex\/wp-content\/uploads\/2021\/10\/gimex0308-e1634213816361-300x227.png\" alt=\"Silicon nitride riser\" width=\"527\" height=\"399\" srcset=\"https:\/\/www.sourcing-ceramics.com\/wp-content\/uploads\/2021\/10\/gimex0308-e1634213816361-300x227.png 300w, https:\/\/www.sourcing-ceramics.com\/wp-content\/uploads\/2021\/10\/gimex0308-e1634213816361-1024x774.png 1024w, https:\/\/www.sourcing-ceramics.com\/wp-content\/uploads\/2021\/10\/gimex0308-e1634213816361-768x580.png 768w, https:\/\/www.sourcing-ceramics.com\/wp-content\/uploads\/2021\/10\/gimex0308-e1634213816361-1536x1161.png 1536w, https:\/\/www.sourcing-ceramics.com\/wp-content\/uploads\/2021\/10\/gimex0308-e1634213816361-2048x1548.png 2048w\" sizes=\"auto, (max-width: 527px) 100vw, 527px\" \/><\/p>\n\t\t\t\t\t\t<\/div>\n\t\t\t\t\t<\/div>\n\t\t\t\t\t\t\t<\/div>\n\t\t\t<\/div>\n<\/section>\n\n\n<section class=\"module-cta\" style=\"background-image: url('https:\/\/www.sourcing-ceramics.com\/wp-content\/uploads\/2021\/10\/GIMEX-23102018-8391-1024x683.jpg');\">\n\t<div class=\"container module-cta__inner\">\n\t\t<div class=\"row\">\n\t\t\t<div class=\"col-12 col-lg-9\">\n\t\t\t\t\t\t\t\t\t<div class=\"title\">\n\t\t\t\t\t\tHolen Sie sich hier ein lohnendes Angebot!\t\t\t\t\t<\/div>\n\t\t\t\t\n\t\t\t\t\t\t\t\t\t<div class=\"subtitle\">\n\t\t\t\t\t\tLaden Sie Ihre Zeichnungen hoch, um zu beginnen\t\t\t\t\t<\/div>\n\t\t\t\t\t\t\t<\/div>\n\n\t\t\t<div class=\"col-12 col-lg-3\">\n\t\t\t\t\t\t\t\t\t<a class=\"btn\" href=\"https:\/\/www.sourcing-ceramics.com\/de\/anfrage\/\">\n\t\t\t\t\t\tLaden Sie Ihre Zeichnung hoch\t\t\t\t\t<\/a>\n\t\t\t\t\t\t\t<\/div>\n\n\t\t\t\t\t<\/div>\n\t<\/div>\n\n\t<div class=\"module-cta__overlay\">\n\t\t\n\t<\/div>\n<\/section>","protected":false},"excerpt":{"rendered":"","protected":false},"author":2,"featured_media":0,"parent":2004,"menu_order":24,"comment_status":"closed","ping_status":"closed","template":"","meta":{"_acf_changed":false,"footnotes":""},"class_list":["post-2012","page","type-page","status-publish","hentry"],"acf":[],"yoast_head":"<!-- This site is optimized with the Yoast SEO plugin v22.2 - https:\/\/yoast.com\/wordpress\/plugins\/seo\/ -->\n<title>Thermoschockbest\u00e4ndigkeit - Sourcing Ceramics<\/title>\n<meta name=\"robots\" content=\"index, follow, max-snippet:-1, max-image-preview:large, max-video-preview:-1\" \/>\n<link rel=\"canonical\" href=\"https:\/\/www.sourcing-ceramics.com\/de\/all\/applications\/hochtemperatur-keramik\/thermoschockbestaendigkeit\/\" \/>\n<meta property=\"og:locale\" content=\"de_DE\" \/>\n<meta property=\"og:type\" content=\"article\" \/>\n<meta property=\"og:title\" content=\"Thermoschockbest\u00e4ndigkeit - Sourcing Ceramics\" \/>\n<meta property=\"og:url\" content=\"https:\/\/www.sourcing-ceramics.com\/de\/all\/applications\/hochtemperatur-keramik\/thermoschockbestaendigkeit\/\" \/>\n<meta property=\"og:site_name\" content=\"Sourcing Ceramics\" \/>\n<meta property=\"article:modified_time\" content=\"2022-01-31T12:27:47+00:00\" \/>\n<meta name=\"twitter:card\" content=\"summary_large_image\" \/>\n<script type=\"application\/ld+json\" class=\"yoast-schema-graph\">{\"@context\":\"https:\/\/schema.org\",\"@graph\":[{\"@type\":\"WebPage\",\"@id\":\"https:\/\/www.sourcing-ceramics.com\/de\/all\/applications\/hochtemperatur-keramik\/thermoschockbestaendigkeit\/\",\"url\":\"https:\/\/www.sourcing-ceramics.com\/de\/all\/applications\/hochtemperatur-keramik\/thermoschockbestaendigkeit\/\",\"name\":\"Thermoschockbest\u00e4ndigkeit - Sourcing Ceramics\",\"isPartOf\":{\"@id\":\"https:\/\/www.sourcing-ceramics.com\/de\/#website\"},\"datePublished\":\"2022-01-31T12:27:44+00:00\",\"dateModified\":\"2022-01-31T12:27:47+00:00\",\"breadcrumb\":{\"@id\":\"https:\/\/www.sourcing-ceramics.com\/de\/all\/applications\/hochtemperatur-keramik\/thermoschockbestaendigkeit\/#breadcrumb\"},\"inLanguage\":\"de\",\"potentialAction\":[{\"@type\":\"ReadAction\",\"target\":[\"https:\/\/www.sourcing-ceramics.com\/de\/all\/applications\/hochtemperatur-keramik\/thermoschockbestaendigkeit\/\"]}]},{\"@type\":\"BreadcrumbList\",\"@id\":\"https:\/\/www.sourcing-ceramics.com\/de\/all\/applications\/hochtemperatur-keramik\/thermoschockbestaendigkeit\/#breadcrumb\",\"itemListElement\":[{\"@type\":\"ListItem\",\"position\":1,\"name\":\"Home\",\"item\":\"https:\/\/www.sourcing-ceramics.com\/de\/\"},{\"@type\":\"ListItem\",\"position\":2,\"name\":\"Anwendungen\",\"item\":\"https:\/\/www.sourcing-ceramics.com\/de\/applications\/\"},{\"@type\":\"ListItem\",\"position\":3,\"name\":\"Hochtemperatur-Keramik\",\"item\":\"https:\/\/www.sourcing-ceramics.com\/de\/all\/applications\/hochtemperatur-keramik\/\"},{\"@type\":\"ListItem\",\"position\":4,\"name\":\"Thermoschockbest\u00e4ndigkeit\"}]},{\"@type\":\"WebSite\",\"@id\":\"https:\/\/www.sourcing-ceramics.com\/de\/#website\",\"url\":\"https:\/\/www.sourcing-ceramics.com\/de\/\",\"name\":\"Sourcing Ceramics\",\"description\":\"\",\"potentialAction\":[{\"@type\":\"SearchAction\",\"target\":{\"@type\":\"EntryPoint\",\"urlTemplate\":\"https:\/\/www.sourcing-ceramics.com\/de\/?s={search_term_string}\"},\"query-input\":\"required name=search_term_string\"}],\"inLanguage\":\"de\"}]}<\/script>\n<!-- \/ Yoast SEO plugin. -->","yoast_head_json":{"title":"Thermoschockbest\u00e4ndigkeit - Sourcing Ceramics","robots":{"index":"index","follow":"follow","max-snippet":"max-snippet:-1","max-image-preview":"max-image-preview:large","max-video-preview":"max-video-preview:-1"},"canonical":"https:\/\/www.sourcing-ceramics.com\/de\/all\/applications\/hochtemperatur-keramik\/thermoschockbestaendigkeit\/","og_locale":"de_DE","og_type":"article","og_title":"Thermoschockbest\u00e4ndigkeit - Sourcing Ceramics","og_url":"https:\/\/www.sourcing-ceramics.com\/de\/all\/applications\/hochtemperatur-keramik\/thermoschockbestaendigkeit\/","og_site_name":"Sourcing Ceramics","article_modified_time":"2022-01-31T12:27:47+00:00","twitter_card":"summary_large_image","schema":{"@context":"https:\/\/schema.org","@graph":[{"@type":"WebPage","@id":"https:\/\/www.sourcing-ceramics.com\/de\/all\/applications\/hochtemperatur-keramik\/thermoschockbestaendigkeit\/","url":"https:\/\/www.sourcing-ceramics.com\/de\/all\/applications\/hochtemperatur-keramik\/thermoschockbestaendigkeit\/","name":"Thermoschockbest\u00e4ndigkeit - Sourcing Ceramics","isPartOf":{"@id":"https:\/\/www.sourcing-ceramics.com\/de\/#website"},"datePublished":"2022-01-31T12:27:44+00:00","dateModified":"2022-01-31T12:27:47+00:00","breadcrumb":{"@id":"https:\/\/www.sourcing-ceramics.com\/de\/all\/applications\/hochtemperatur-keramik\/thermoschockbestaendigkeit\/#breadcrumb"},"inLanguage":"de","potentialAction":[{"@type":"ReadAction","target":["https:\/\/www.sourcing-ceramics.com\/de\/all\/applications\/hochtemperatur-keramik\/thermoschockbestaendigkeit\/"]}]},{"@type":"BreadcrumbList","@id":"https:\/\/www.sourcing-ceramics.com\/de\/all\/applications\/hochtemperatur-keramik\/thermoschockbestaendigkeit\/#breadcrumb","itemListElement":[{"@type":"ListItem","position":1,"name":"Home","item":"https:\/\/www.sourcing-ceramics.com\/de\/"},{"@type":"ListItem","position":2,"name":"Anwendungen","item":"https:\/\/www.sourcing-ceramics.com\/de\/applications\/"},{"@type":"ListItem","position":3,"name":"Hochtemperatur-Keramik","item":"https:\/\/www.sourcing-ceramics.com\/de\/all\/applications\/hochtemperatur-keramik\/"},{"@type":"ListItem","position":4,"name":"Thermoschockbest\u00e4ndigkeit"}]},{"@type":"WebSite","@id":"https:\/\/www.sourcing-ceramics.com\/de\/#website","url":"https:\/\/www.sourcing-ceramics.com\/de\/","name":"Sourcing Ceramics","description":"","potentialAction":[{"@type":"SearchAction","target":{"@type":"EntryPoint","urlTemplate":"https:\/\/www.sourcing-ceramics.com\/de\/?s={search_term_string}"},"query-input":"required name=search_term_string"}],"inLanguage":"de"}]}},"_links":{"self":[{"href":"https:\/\/www.sourcing-ceramics.com\/de\/wp-json\/wp\/v2\/pages\/2012","targetHints":{"allow":["GET"]}}],"collection":[{"href":"https:\/\/www.sourcing-ceramics.com\/de\/wp-json\/wp\/v2\/pages"}],"about":[{"href":"https:\/\/www.sourcing-ceramics.com\/de\/wp-json\/wp\/v2\/types\/page"}],"author":[{"embeddable":true,"href":"https:\/\/www.sourcing-ceramics.com\/de\/wp-json\/wp\/v2\/users\/2"}],"replies":[{"embeddable":true,"href":"https:\/\/www.sourcing-ceramics.com\/de\/wp-json\/wp\/v2\/comments?post=2012"}],"version-history":[{"count":3,"href":"https:\/\/www.sourcing-ceramics.com\/de\/wp-json\/wp\/v2\/pages\/2012\/revisions"}],"predecessor-version":[{"id":2015,"href":"https:\/\/www.sourcing-ceramics.com\/de\/wp-json\/wp\/v2\/pages\/2012\/revisions\/2015"}],"up":[{"embeddable":true,"href":"https:\/\/www.sourcing-ceramics.com\/de\/wp-json\/wp\/v2\/pages\/2004"}],"wp:attachment":[{"href":"https:\/\/www.sourcing-ceramics.com\/de\/wp-json\/wp\/v2\/media?parent=2012"}],"curies":[{"name":"wp","href":"https:\/\/api.w.org\/{rel}","templated":true}]}}