{"id":2008,"date":"2022-01-31T13:24:16","date_gmt":"2022-01-31T12:24:16","guid":{"rendered":"https:\/\/www.sourcing-ceramics.com\/?page_id=2008"},"modified":"2022-01-31T13:24:18","modified_gmt":"2022-01-31T12:24:18","slug":"tiegel","status":"publish","type":"page","link":"https:\/\/www.sourcing-ceramics.com\/de\/applications\/hochtemperatur-keramik\/tiegel\/","title":{"rendered":"Tiegel"},"content":{"rendered":"<section class=\"module-content\">\n\t<div class=\"container\">\n\t\t\t\t\t<div class=\"row\">\n\t\t\t\t<div class=\"col-12 title\">\n\t\t\t\t\t<h3><h1>Tiegel<\/h1>\n<\/h3>\n\t\t\t\t<\/div>\n\t\t\t<\/div>\n\t\t\n\t\t<!--COLUMNS-->\n\t\t\t\t\t\t\t\t<div class=\"row\">\n\t\t\t\t\t\t\t\t\t\n\t\t\t\t\t<div class=\"col-12 col-md-6\">\n\t\t\t\t\t\t<div class=\"column\">\n\t\t\t\t\t\t\t<p>Tiegel<\/p>\n<p>Ein Tiegel ist ein rundes Gef\u00e4\u00df, das man benutzt, um eine Probe in einen Hochtemperaturofen zu halten. Tiegel k\u00f6nnen aus Aluminiumoxid, Zirkoniumdioxid oder Siliziumkarbid hergestellt werden, je nachdem, wof\u00fcr sie eingesetzt werden. Keramische Tiegel sind bei hohen Temperaturen chemisch und physikalisch stabil und werden daher f\u00fcr die Arbeit mit Materialien verwendet, die bei hohen Temperaturen gehandhabt werden m\u00fcssen, wie Metall und Glas.<\/p>\n<p>Anwendungsbereiche:<\/p>\n<p>\u2013\u00a0\u00a0\u00a0\u00a0\u00a0\u00a0\u00a0\u00a0\u00a0 Schmelzen von Metallen<\/p>\n<p>\u2013\u00a0\u00a0\u00a0\u00a0\u00a0\u00a0\u00a0\u00a0\u00a0 Forschung<\/p>\n<p>\u2013\u00a0\u00a0\u00a0\u00a0\u00a0\u00a0\u00a0\u00a0\u00a0 Qualit\u00e4tskontrolle<\/p>\n\t\t\t\t\t\t<\/div>\n\t\t\t\t\t<\/div>\n\t\t\t\t\t\t\t\t\t\n\t\t\t\t\t<div class=\"col-12 col-md-6\">\n\t\t\t\t\t\t<div class=\"column\">\n\t\t\t\t\t\t\t<p><img loading=\"lazy\" decoding=\"async\" class=\"alignright wp-image-1183\" src=\"https:\/\/dev.webber.nl\/gimex\/wp-content\/uploads\/2021\/10\/Bijgeknipt-300x216.png\" alt=\"Crucible for researching molten metals\" width=\"643\" height=\"463\" \/><\/p>\n\t\t\t\t\t\t<\/div>\n\t\t\t\t\t<\/div>\n\t\t\t\t\t\t\t<\/div>\n\t\t\t<\/div>\n<\/section>\n\n\n<section class=\"module-cta\" style=\"background-image: url('https:\/\/www.sourcing-ceramics.com\/wp-content\/uploads\/2021\/09\/Gimex-047-e1634218159171-1024x630.png');\">\n\t<div class=\"container module-cta__inner\">\n\t\t<div class=\"row\">\n\t\t\t<div class=\"col-12 col-lg-9\">\n\t\t\t\t\t\t\t\t\t<div class=\"title\">\n\t\t\t\t\t\tHolen Sie sich hier ein lohnendes Angebot!\t\t\t\t\t<\/div>\n\t\t\t\t\n\t\t\t\t\t\t\t\t\t<div class=\"subtitle\">\n\t\t\t\t\t\tLaden Sie Ihre Zeichnungen hoch, um zu beginnen\t\t\t\t\t<\/div>\n\t\t\t\t\t\t\t<\/div>\n\n\t\t\t<div class=\"col-12 col-lg-3\">\n\t\t\t\t\t\t\t\t\t<a class=\"btn\" href=\"https:\/\/www.sourcing-ceramics.com\/de\/anfrage\/\">\n\t\t\t\t\t\tLaden Sie Ihre Zeichnung hoch\t\t\t\t\t<\/a>\n\t\t\t\t\t\t\t<\/div>\n\n\t\t\t\t\t<\/div>\n\t<\/div>\n\n\t<div class=\"module-cta__overlay\">\n\t\t\n\t<\/div>\n<\/section>","protected":false},"excerpt":{"rendered":"","protected":false},"author":2,"featured_media":0,"parent":2004,"menu_order":23,"comment_status":"closed","ping_status":"closed","template":"","meta":{"_acf_changed":false,"footnotes":""},"class_list":["post-2008","page","type-page","status-publish","hentry"],"acf":[],"yoast_head":"<!-- This site is optimized with the Yoast SEO plugin v22.2 - https:\/\/yoast.com\/wordpress\/plugins\/seo\/ -->\n<title>Tiegel - Sourcing Ceramics<\/title>\n<meta name=\"robots\" content=\"index, follow, max-snippet:-1, max-image-preview:large, max-video-preview:-1\" \/>\n<link rel=\"canonical\" href=\"https:\/\/www.sourcing-ceramics.com\/de\/all\/applications\/hochtemperatur-keramik\/tiegel\/\" \/>\n<meta property=\"og:locale\" content=\"de_DE\" \/>\n<meta property=\"og:type\" content=\"article\" \/>\n<meta property=\"og:title\" content=\"Tiegel - Sourcing Ceramics\" \/>\n<meta property=\"og:url\" content=\"https:\/\/www.sourcing-ceramics.com\/de\/all\/applications\/hochtemperatur-keramik\/tiegel\/\" \/>\n<meta property=\"og:site_name\" content=\"Sourcing Ceramics\" \/>\n<meta property=\"article:modified_time\" content=\"2022-01-31T12:24:18+00:00\" \/>\n<meta name=\"twitter:card\" content=\"summary_large_image\" \/>\n<script type=\"application\/ld+json\" class=\"yoast-schema-graph\">{\"@context\":\"https:\/\/schema.org\",\"@graph\":[{\"@type\":\"WebPage\",\"@id\":\"https:\/\/www.sourcing-ceramics.com\/de\/all\/applications\/hochtemperatur-keramik\/tiegel\/\",\"url\":\"https:\/\/www.sourcing-ceramics.com\/de\/all\/applications\/hochtemperatur-keramik\/tiegel\/\",\"name\":\"Tiegel - Sourcing Ceramics\",\"isPartOf\":{\"@id\":\"https:\/\/www.sourcing-ceramics.com\/de\/#website\"},\"datePublished\":\"2022-01-31T12:24:16+00:00\",\"dateModified\":\"2022-01-31T12:24:18+00:00\",\"breadcrumb\":{\"@id\":\"https:\/\/www.sourcing-ceramics.com\/de\/all\/applications\/hochtemperatur-keramik\/tiegel\/#breadcrumb\"},\"inLanguage\":\"de\",\"potentialAction\":[{\"@type\":\"ReadAction\",\"target\":[\"https:\/\/www.sourcing-ceramics.com\/de\/all\/applications\/hochtemperatur-keramik\/tiegel\/\"]}]},{\"@type\":\"BreadcrumbList\",\"@id\":\"https:\/\/www.sourcing-ceramics.com\/de\/all\/applications\/hochtemperatur-keramik\/tiegel\/#breadcrumb\",\"itemListElement\":[{\"@type\":\"ListItem\",\"position\":1,\"name\":\"Home\",\"item\":\"https:\/\/www.sourcing-ceramics.com\/de\/\"},{\"@type\":\"ListItem\",\"position\":2,\"name\":\"Anwendungen\",\"item\":\"https:\/\/www.sourcing-ceramics.com\/de\/applications\/\"},{\"@type\":\"ListItem\",\"position\":3,\"name\":\"Hochtemperatur-Keramik\",\"item\":\"https:\/\/www.sourcing-ceramics.com\/de\/all\/applications\/hochtemperatur-keramik\/\"},{\"@type\":\"ListItem\",\"position\":4,\"name\":\"Tiegel\"}]},{\"@type\":\"WebSite\",\"@id\":\"https:\/\/www.sourcing-ceramics.com\/de\/#website\",\"url\":\"https:\/\/www.sourcing-ceramics.com\/de\/\",\"name\":\"Sourcing Ceramics\",\"description\":\"\",\"potentialAction\":[{\"@type\":\"SearchAction\",\"target\":{\"@type\":\"EntryPoint\",\"urlTemplate\":\"https:\/\/www.sourcing-ceramics.com\/de\/?s={search_term_string}\"},\"query-input\":\"required name=search_term_string\"}],\"inLanguage\":\"de\"}]}<\/script>\n<!-- \/ Yoast SEO plugin. -->","yoast_head_json":{"title":"Tiegel - Sourcing Ceramics","robots":{"index":"index","follow":"follow","max-snippet":"max-snippet:-1","max-image-preview":"max-image-preview:large","max-video-preview":"max-video-preview:-1"},"canonical":"https:\/\/www.sourcing-ceramics.com\/de\/all\/applications\/hochtemperatur-keramik\/tiegel\/","og_locale":"de_DE","og_type":"article","og_title":"Tiegel - Sourcing Ceramics","og_url":"https:\/\/www.sourcing-ceramics.com\/de\/all\/applications\/hochtemperatur-keramik\/tiegel\/","og_site_name":"Sourcing Ceramics","article_modified_time":"2022-01-31T12:24:18+00:00","twitter_card":"summary_large_image","schema":{"@context":"https:\/\/schema.org","@graph":[{"@type":"WebPage","@id":"https:\/\/www.sourcing-ceramics.com\/de\/all\/applications\/hochtemperatur-keramik\/tiegel\/","url":"https:\/\/www.sourcing-ceramics.com\/de\/all\/applications\/hochtemperatur-keramik\/tiegel\/","name":"Tiegel - Sourcing Ceramics","isPartOf":{"@id":"https:\/\/www.sourcing-ceramics.com\/de\/#website"},"datePublished":"2022-01-31T12:24:16+00:00","dateModified":"2022-01-31T12:24:18+00:00","breadcrumb":{"@id":"https:\/\/www.sourcing-ceramics.com\/de\/all\/applications\/hochtemperatur-keramik\/tiegel\/#breadcrumb"},"inLanguage":"de","potentialAction":[{"@type":"ReadAction","target":["https:\/\/www.sourcing-ceramics.com\/de\/all\/applications\/hochtemperatur-keramik\/tiegel\/"]}]},{"@type":"BreadcrumbList","@id":"https:\/\/www.sourcing-ceramics.com\/de\/all\/applications\/hochtemperatur-keramik\/tiegel\/#breadcrumb","itemListElement":[{"@type":"ListItem","position":1,"name":"Home","item":"https:\/\/www.sourcing-ceramics.com\/de\/"},{"@type":"ListItem","position":2,"name":"Anwendungen","item":"https:\/\/www.sourcing-ceramics.com\/de\/applications\/"},{"@type":"ListItem","position":3,"name":"Hochtemperatur-Keramik","item":"https:\/\/www.sourcing-ceramics.com\/de\/all\/applications\/hochtemperatur-keramik\/"},{"@type":"ListItem","position":4,"name":"Tiegel"}]},{"@type":"WebSite","@id":"https:\/\/www.sourcing-ceramics.com\/de\/#website","url":"https:\/\/www.sourcing-ceramics.com\/de\/","name":"Sourcing Ceramics","description":"","potentialAction":[{"@type":"SearchAction","target":{"@type":"EntryPoint","urlTemplate":"https:\/\/www.sourcing-ceramics.com\/de\/?s={search_term_string}"},"query-input":"required name=search_term_string"}],"inLanguage":"de"}]}},"_links":{"self":[{"href":"https:\/\/www.sourcing-ceramics.com\/de\/wp-json\/wp\/v2\/pages\/2008","targetHints":{"allow":["GET"]}}],"collection":[{"href":"https:\/\/www.sourcing-ceramics.com\/de\/wp-json\/wp\/v2\/pages"}],"about":[{"href":"https:\/\/www.sourcing-ceramics.com\/de\/wp-json\/wp\/v2\/types\/page"}],"author":[{"embeddable":true,"href":"https:\/\/www.sourcing-ceramics.com\/de\/wp-json\/wp\/v2\/users\/2"}],"replies":[{"embeddable":true,"href":"https:\/\/www.sourcing-ceramics.com\/de\/wp-json\/wp\/v2\/comments?post=2008"}],"version-history":[{"count":2,"href":"https:\/\/www.sourcing-ceramics.com\/de\/wp-json\/wp\/v2\/pages\/2008\/revisions"}],"predecessor-version":[{"id":2010,"href":"https:\/\/www.sourcing-ceramics.com\/de\/wp-json\/wp\/v2\/pages\/2008\/revisions\/2010"}],"up":[{"embeddable":true,"href":"https:\/\/www.sourcing-ceramics.com\/de\/wp-json\/wp\/v2\/pages\/2004"}],"wp:attachment":[{"href":"https:\/\/www.sourcing-ceramics.com\/de\/wp-json\/wp\/v2\/media?parent=2008"}],"curies":[{"name":"wp","href":"https:\/\/api.w.org\/{rel}","templated":true}]}}