{"id":1972,"date":"2022-01-31T12:16:14","date_gmt":"2022-01-31T11:16:14","guid":{"rendered":"https:\/\/www.sourcing-ceramics.com\/?page_id=1972"},"modified":"2022-01-31T12:16:16","modified_gmt":"2022-01-31T11:16:16","slug":"thermische-isolatoren","status":"publish","type":"page","link":"https:\/\/www.sourcing-ceramics.com\/de\/applications\/isolierende-keramik\/thermische-isolatoren\/","title":{"rendered":"Thermische Isolatoren"},"content":{"rendered":"<section class=\"module-content\">\n\t<div class=\"container\">\n\t\t\t\t\t<div class=\"row\">\n\t\t\t\t<div class=\"col-12 title\">\n\t\t\t\t\t<h3><h1>\u00a0Thermische Isolatoren<\/h1>\n<\/h3>\n\t\t\t\t<\/div>\n\t\t\t<\/div>\n\t\t\n\t\t<!--COLUMNS-->\n\t\t\t\t\t\t\t\t<div class=\"row\">\n\t\t\t\t\t\t\t\t\t\n\t\t\t\t\t<div class=\"col-12\">\n\t\t\t\t\t\t<div class=\"column\">\n\t\t\t\t\t\t\t<p>Technische Keramik eignet sich sehr gut als thermischer Isolator. Damit lassen sich Isolationswerte von ca. 2 W\/mK erzielen. Welches Material f\u00fcr Ihre Anwendung das beste ist, h\u00e4ngt von anderen Eigenschaften wie H\u00e4rte, Z\u00e4higkeit und Bearbeitbarkeit ab.<\/p>\n\t\t\t\t\t\t<\/div>\n\t\t\t\t\t<\/div>\n\t\t\t\t\t\t\t<\/div>\n\t\t\t<\/div>\n<\/section>\n\n<section class=\"module-highlighted-content\">\n\t<div class=\"container\">\n\t\t\t\t\t<div class=\"row\">\n\t\t\t\t\t\t\t\t\t\n\t\t\t\t\t<div class=\"col-12 col-lg-4 overview-item\">\n\t\t\t\t\t\t\n\t\t\t\t\t\t<div class=\"content-block\">\n\t\t\t\t\t\t\t<div class=\"content-block__image content-block__image--black\" style=\"background-image: url('https:\/\/www.sourcing-ceramics.com\/wp-content\/uploads\/2021\/10\/gimex0152-e1634213530969-1024x964.png');\">\n\t\t\t\t\t\t\t\t\n\t\t\t\t\t\t\t<\/div>\n\n\t\t\t\t\t\t\t<div class=\"content-block__title\">\n\t\t\t\t\t\t\t\tMacor - bearbeitbare Glaskeramik\t\t\t\t\t\t\t<\/div>\n\n\t\t\t\t\t\t\t<div class=\"content-block__text\">\n\t\t\t\t\t\t\t\tThermisch isolierend - Elektrisch isolierend - Leicht bearbeitbar \t\t\t\t\t\t\t<\/div>\n\n\t\t\t\t\t\t\t<a class=\"content-block__link\" href=\"https:\/\/www.sourcing-ceramics.com\/de\/applications\/isolierende-keramik\/thermische-isolatoren\/\">\n\t\t\t\t\t\t\t\tLesen Sie mehr \u00fcber Macor - bearbeitbare Glaskeramik\t\t\t\t\t\t\t<\/a>\n\t\t\t\t\t\t<\/div>\n\t\t\t\t\t<\/div>\n\t\t\t\t\t\t\t\t\t\n\t\t\t\t\t<div class=\"col-12 col-lg-4 overview-item\">\n\t\t\t\t\t\t\n\t\t\t\t\t\t<div class=\"content-block\">\n\t\t\t\t\t\t\t<div class=\"content-block__image content-block__image--primary\" style=\"background-image: url('https:\/\/www.sourcing-ceramics.com\/wp-content\/uploads\/2021\/10\/gimex0155-e1634214185605-1024x966.png');\">\n\t\t\t\t\t\t\t\t\n\t\t\t\t\t\t\t<\/div>\n\n\t\t\t\t\t\t\t<div class=\"content-block__title\">\n\t\t\t\t\t\t\t\tZirkoniumoxid\t\t\t\t\t\t\t<\/div>\n\n\t\t\t\t\t\t\t<div class=\"content-block__text\">\n\t\t\t\t\t\t\t\tThermisch isolierend - Elektrisch isolierend - Hervorragende mechanische Eigenschaften\t\t\t\t\t\t\t<\/div>\n\n\t\t\t\t\t\t\t<a class=\"content-block__link\" href=\"https:\/\/www.sourcing-ceramics.com\/de\/applications\/isolierende-keramik\/thermische-isolatoren\/\">\n\t\t\t\t\t\t\t\tLesen Sie mehr \u00fcber Zirkonoxid\t\t\t\t\t\t\t<\/a>\n\t\t\t\t\t\t<\/div>\n\t\t\t\t\t<\/div>\n\t\t\t\t\t\t\t<\/div>\n\t\t\t<\/div>\n<\/section>\n\n\n<section class=\"module-image\" style=\"background-image: url('https:\/\/www.sourcing-ceramics.com\/wp-content\/uploads\/2021\/09\/R-GIMEX-23102018-8471-1920x1080.jpg');\">\n\t\t\t<div class=\"container module-image__inner\">\n\t\t\t<div class=\"row\">\n\t\t\t\t<div class=\"col-12 col-lg-10 offset-lg-1 text-center\">\n\t\t\t\t\t\t\t\t\t\t\t<div class=\"title\">\n\t\t\t\t\t\t\t<h3>Warum Sourcing Ceramics<\/h3>\n\t\t\t\t\t\t<\/div>\n\t\t\t\t\t\n\t\t\t\t\t\t\t\t\t\t\t<div class=\"editor\">\n\t\t\t\t\t\t\t<ul>\n<li>Einfacher Zugang zu einem globalen Netzwerk von Lieferanten<\/li>\n<li>G\u00fcnstige Preise<\/li>\n<li>Ausgezeichneter Service<\/li>\n<li>Neutrale Produktionsberatung<\/li>\n<li>Qualifiziertes Netzwerk<\/li>\n<li>Basierend auf 36 Jahren Erfahrung<\/li>\n<\/ul>\n\t\t\t\t\t\t<\/div>\n\t\t\t\t\t\t\t\t\t<\/div>\n\t\t\t<\/div>\n\t\t<\/div>\n\t\t\n\t\t<div class=\"module-image__overlay\">\n\t\t\t\n\t\t<\/div>\n\t<\/section>","protected":false},"excerpt":{"rendered":"","protected":false},"author":2,"featured_media":0,"parent":1969,"menu_order":20,"comment_status":"closed","ping_status":"closed","template":"","meta":{"_acf_changed":false,"footnotes":""},"class_list":["post-1972","page","type-page","status-publish","hentry"],"acf":[],"yoast_head":"<!-- This site is optimized with the Yoast SEO plugin v22.2 - https:\/\/yoast.com\/wordpress\/plugins\/seo\/ -->\n<title>Thermische Isolatoren - Sourcing Ceramics<\/title>\n<meta name=\"robots\" content=\"index, follow, max-snippet:-1, max-image-preview:large, max-video-preview:-1\" \/>\n<link rel=\"canonical\" href=\"https:\/\/www.sourcing-ceramics.com\/de\/all\/applications\/isolierende-keramik\/thermische-isolatoren\/\" \/>\n<meta property=\"og:locale\" content=\"de_DE\" \/>\n<meta property=\"og:type\" content=\"article\" \/>\n<meta property=\"og:title\" content=\"Thermische Isolatoren - Sourcing Ceramics\" \/>\n<meta property=\"og:url\" content=\"https:\/\/www.sourcing-ceramics.com\/de\/all\/applications\/isolierende-keramik\/thermische-isolatoren\/\" \/>\n<meta property=\"og:site_name\" content=\"Sourcing Ceramics\" \/>\n<meta property=\"article:modified_time\" content=\"2022-01-31T11:16:16+00:00\" \/>\n<meta name=\"twitter:card\" content=\"summary_large_image\" \/>\n<script type=\"application\/ld+json\" class=\"yoast-schema-graph\">{\"@context\":\"https:\/\/schema.org\",\"@graph\":[{\"@type\":\"WebPage\",\"@id\":\"https:\/\/www.sourcing-ceramics.com\/de\/all\/applications\/isolierende-keramik\/thermische-isolatoren\/\",\"url\":\"https:\/\/www.sourcing-ceramics.com\/de\/all\/applications\/isolierende-keramik\/thermische-isolatoren\/\",\"name\":\"Thermische Isolatoren - Sourcing Ceramics\",\"isPartOf\":{\"@id\":\"https:\/\/www.sourcing-ceramics.com\/de\/#website\"},\"datePublished\":\"2022-01-31T11:16:14+00:00\",\"dateModified\":\"2022-01-31T11:16:16+00:00\",\"breadcrumb\":{\"@id\":\"https:\/\/www.sourcing-ceramics.com\/de\/all\/applications\/isolierende-keramik\/thermische-isolatoren\/#breadcrumb\"},\"inLanguage\":\"de\",\"potentialAction\":[{\"@type\":\"ReadAction\",\"target\":[\"https:\/\/www.sourcing-ceramics.com\/de\/all\/applications\/isolierende-keramik\/thermische-isolatoren\/\"]}]},{\"@type\":\"BreadcrumbList\",\"@id\":\"https:\/\/www.sourcing-ceramics.com\/de\/all\/applications\/isolierende-keramik\/thermische-isolatoren\/#breadcrumb\",\"itemListElement\":[{\"@type\":\"ListItem\",\"position\":1,\"name\":\"Home\",\"item\":\"https:\/\/www.sourcing-ceramics.com\/de\/\"},{\"@type\":\"ListItem\",\"position\":2,\"name\":\"Anwendungen\",\"item\":\"https:\/\/www.sourcing-ceramics.com\/de\/applications\/\"},{\"@type\":\"ListItem\",\"position\":3,\"name\":\"Isolierende Keramik\",\"item\":\"https:\/\/www.sourcing-ceramics.com\/de\/all\/applications\/isolierende-keramik\/\"},{\"@type\":\"ListItem\",\"position\":4,\"name\":\"Thermische Isolatoren\"}]},{\"@type\":\"WebSite\",\"@id\":\"https:\/\/www.sourcing-ceramics.com\/de\/#website\",\"url\":\"https:\/\/www.sourcing-ceramics.com\/de\/\",\"name\":\"Sourcing Ceramics\",\"description\":\"\",\"potentialAction\":[{\"@type\":\"SearchAction\",\"target\":{\"@type\":\"EntryPoint\",\"urlTemplate\":\"https:\/\/www.sourcing-ceramics.com\/de\/?s={search_term_string}\"},\"query-input\":\"required name=search_term_string\"}],\"inLanguage\":\"de\"}]}<\/script>\n<!-- \/ Yoast SEO plugin. -->","yoast_head_json":{"title":"Thermische Isolatoren - Sourcing Ceramics","robots":{"index":"index","follow":"follow","max-snippet":"max-snippet:-1","max-image-preview":"max-image-preview:large","max-video-preview":"max-video-preview:-1"},"canonical":"https:\/\/www.sourcing-ceramics.com\/de\/all\/applications\/isolierende-keramik\/thermische-isolatoren\/","og_locale":"de_DE","og_type":"article","og_title":"Thermische Isolatoren - Sourcing Ceramics","og_url":"https:\/\/www.sourcing-ceramics.com\/de\/all\/applications\/isolierende-keramik\/thermische-isolatoren\/","og_site_name":"Sourcing Ceramics","article_modified_time":"2022-01-31T11:16:16+00:00","twitter_card":"summary_large_image","schema":{"@context":"https:\/\/schema.org","@graph":[{"@type":"WebPage","@id":"https:\/\/www.sourcing-ceramics.com\/de\/all\/applications\/isolierende-keramik\/thermische-isolatoren\/","url":"https:\/\/www.sourcing-ceramics.com\/de\/all\/applications\/isolierende-keramik\/thermische-isolatoren\/","name":"Thermische Isolatoren - Sourcing Ceramics","isPartOf":{"@id":"https:\/\/www.sourcing-ceramics.com\/de\/#website"},"datePublished":"2022-01-31T11:16:14+00:00","dateModified":"2022-01-31T11:16:16+00:00","breadcrumb":{"@id":"https:\/\/www.sourcing-ceramics.com\/de\/all\/applications\/isolierende-keramik\/thermische-isolatoren\/#breadcrumb"},"inLanguage":"de","potentialAction":[{"@type":"ReadAction","target":["https:\/\/www.sourcing-ceramics.com\/de\/all\/applications\/isolierende-keramik\/thermische-isolatoren\/"]}]},{"@type":"BreadcrumbList","@id":"https:\/\/www.sourcing-ceramics.com\/de\/all\/applications\/isolierende-keramik\/thermische-isolatoren\/#breadcrumb","itemListElement":[{"@type":"ListItem","position":1,"name":"Home","item":"https:\/\/www.sourcing-ceramics.com\/de\/"},{"@type":"ListItem","position":2,"name":"Anwendungen","item":"https:\/\/www.sourcing-ceramics.com\/de\/applications\/"},{"@type":"ListItem","position":3,"name":"Isolierende Keramik","item":"https:\/\/www.sourcing-ceramics.com\/de\/all\/applications\/isolierende-keramik\/"},{"@type":"ListItem","position":4,"name":"Thermische Isolatoren"}]},{"@type":"WebSite","@id":"https:\/\/www.sourcing-ceramics.com\/de\/#website","url":"https:\/\/www.sourcing-ceramics.com\/de\/","name":"Sourcing Ceramics","description":"","potentialAction":[{"@type":"SearchAction","target":{"@type":"EntryPoint","urlTemplate":"https:\/\/www.sourcing-ceramics.com\/de\/?s={search_term_string}"},"query-input":"required name=search_term_string"}],"inLanguage":"de"}]}},"_links":{"self":[{"href":"https:\/\/www.sourcing-ceramics.com\/de\/wp-json\/wp\/v2\/pages\/1972","targetHints":{"allow":["GET"]}}],"collection":[{"href":"https:\/\/www.sourcing-ceramics.com\/de\/wp-json\/wp\/v2\/pages"}],"about":[{"href":"https:\/\/www.sourcing-ceramics.com\/de\/wp-json\/wp\/v2\/types\/page"}],"author":[{"embeddable":true,"href":"https:\/\/www.sourcing-ceramics.com\/de\/wp-json\/wp\/v2\/users\/2"}],"replies":[{"embeddable":true,"href":"https:\/\/www.sourcing-ceramics.com\/de\/wp-json\/wp\/v2\/comments?post=1972"}],"version-history":[{"count":2,"href":"https:\/\/www.sourcing-ceramics.com\/de\/wp-json\/wp\/v2\/pages\/1972\/revisions"}],"predecessor-version":[{"id":1974,"href":"https:\/\/www.sourcing-ceramics.com\/de\/wp-json\/wp\/v2\/pages\/1972\/revisions\/1974"}],"up":[{"embeddable":true,"href":"https:\/\/www.sourcing-ceramics.com\/de\/wp-json\/wp\/v2\/pages\/1969"}],"wp:attachment":[{"href":"https:\/\/www.sourcing-ceramics.com\/de\/wp-json\/wp\/v2\/media?parent=1972"}],"curies":[{"name":"wp","href":"https:\/\/api.w.org\/{rel}","templated":true}]}}