{"id":1966,"date":"2022-01-31T12:08:31","date_gmt":"2022-01-31T11:08:31","guid":{"rendered":"https:\/\/www.sourcing-ceramics.com\/?page_id=1966"},"modified":"2022-01-31T12:27:49","modified_gmt":"2022-01-31T11:27:49","slug":"applications","status":"publish","type":"page","link":"https:\/\/www.sourcing-ceramics.com\/de\/applications\/","title":{"rendered":"Anwendungen"},"content":{"rendered":"<section class=\"module-content\">\n\t<div class=\"container\">\n\t\t\t\t\t<div class=\"row\">\n\t\t\t\t<div class=\"col-12 title\">\n\t\t\t\t\t<h3><h1>Anwendungen Technische Keramik<\/h1>\n<\/h3>\n\t\t\t\t<\/div>\n\t\t\t<\/div>\n\t\t\n\t\t<!--COLUMNS-->\n\t\t\t\t\t\t\t\t<div class=\"row\">\n\t\t\t\t\t\t\t\t\t\n\t\t\t\t\t<div class=\"col-12 col-md-6\">\n\t\t\t\t\t\t<div class=\"column\">\n\t\t\t\t\t\t\t<p>Technische Keramik wird in sehr anspruchsvollen Umgebungen eingesetzt, Umgebungen, denen traditionelle Materialien wie Kunststoffe und Metalle nicht gewachsen sind. Die einzigartigen Eigenschaften der technischen Keramik wie Temperaturbest\u00e4ndigkeit, elektrische Isolierung und Verschlei\u00dffestigkeit helfen, die technischen M\u00f6glichkeiten unserer Kunden zu erweitern.<\/p>\n<p>Die Materialien werden in vielen unterschiedlichen Branchen genutzt. Hohe Temperaturbest\u00e4ndigkeit hilft, \u00d6fen mit h\u00f6heren Brenntemperaturen zu konstruieren. Elektrische und thermische Isolierung k\u00f6nnen zur Verbesserung von Hightech-Maschinen eingesetzt werden. Und Verschlei\u00dffestigkeit ist in der Pumpenindustrie f\u00fcr die Haltbarkeit von Lagern und Dichtungen wichtig.<\/p>\n<p>Jede Anwendung hat ihre eigenen Anforderungen. Um das richtige Material auszuw\u00e4hlen, sind tiefgreifende Einblicke in die Vor- und Nachteile der unterschiedlichen Materialien erforderlich. Diese Seiten helfen Ihnen, diese Einblicke zu gewinnen. Falls Sie mehr Unterst\u00fctzung ben\u00f6tigen: Unsere Experten sind gern f\u00fcr Sie da!<\/p>\n\t\t\t\t\t\t<\/div>\n\t\t\t\t\t<\/div>\n\t\t\t\t\t\t\t\t\t\n\t\t\t\t\t<div class=\"col-12 col-md-6\">\n\t\t\t\t\t\t<div class=\"column\">\n\t\t\t\t\t\t\t<p><img loading=\"lazy\" decoding=\"async\" class=\"aligncenter wp-image-821\" src=\"https:\/\/dev.webber.nl\/gimex\/wp-content\/uploads\/2021\/09\/foto-microscoop-300x279.jpg\" alt=\"Sapphire assembly for electron beam microscope\" width=\"405\" height=\"377\" srcset=\"https:\/\/www.sourcing-ceramics.com\/wp-content\/uploads\/2021\/09\/foto-microscoop-300x279.jpg 300w, https:\/\/www.sourcing-ceramics.com\/wp-content\/uploads\/2021\/09\/foto-microscoop-1024x952.jpg 1024w, https:\/\/www.sourcing-ceramics.com\/wp-content\/uploads\/2021\/09\/foto-microscoop-768x714.jpg 768w, https:\/\/www.sourcing-ceramics.com\/wp-content\/uploads\/2021\/09\/foto-microscoop-1536x1428.jpg 1536w, https:\/\/www.sourcing-ceramics.com\/wp-content\/uploads\/2021\/09\/foto-microscoop-2048x1903.jpg 2048w\" sizes=\"auto, (max-width: 405px) 100vw, 405px\" \/><\/p>\n\t\t\t\t\t\t<\/div>\n\t\t\t\t\t<\/div>\n\t\t\t\t\t\t\t<\/div>\n\t\t\t<\/div>\n<\/section>\n\n<section class=\"module-pages\">\n\t<div class=\"container\">\n\t\t\t\t\t<div class=\"row\">\n\t\t\t\t\t\t\t\t\t\n\t\t\t\t\t<div class=\"col-12 col-lg-4 overview-item\">\n\t\t\t\t\t\t<a href=\"https:\/\/www.sourcing-ceramics.com\/de\/applications\/isolierende-keramik\/\" class=\"page-block\">\n\t\t\t\t\t\t\t\t\t\t\t\t\t\t\t\t\t\t\t\t\t\t\t<div class=\"page-block__image\" style=\"background-image: url('https:\/\/www.sourcing-ceramics.com\/wp-content\/uploads\/2021\/10\/gimex0135-e1634216780817-833x1024.png');\">\n\t\t\t\t\t\t\t\t\t\n\t\t\t\t\t\t\t\t<\/div>\n\t\t\t\t\t\t\t\n\t\t\t\t\t\t\t<div class=\"page-block__title\">\n\t\t\t\t\t\t\t\tIsolierende Keramik\t\t\t\t\t\t\t<\/div>\n\t\t\t\t\t\t\t\n\t\t\t\t\t\t\t<div class=\"page-block__icon\">\n\t\t\t\t\t\t\t\t<i class=\"far fa-arrow-up\"><\/i>\n\t\t\t\t\t\t\t<\/div>\n\t\t\t\t\t\t<\/a>\n\t\t\t\t\t<\/div>\n\t\t\t\t\t\t\t\t\t\n\t\t\t\t\t<div class=\"col-12 col-lg-4 overview-item\">\n\t\t\t\t\t\t<a href=\"https:\/\/www.sourcing-ceramics.com\/de\/applications\/hochtemperatur-keramik\/\" class=\"page-block\">\n\t\t\t\t\t\t\t\t\t\t\t\t\t\t\t\t\t\t\t\t\t\t\t<div class=\"page-block__image\" style=\"background-image: url('https:\/\/www.sourcing-ceramics.com\/wp-content\/uploads\/2021\/10\/gimex0308-e1634213816361-1024x774.png');\">\n\t\t\t\t\t\t\t\t\t\n\t\t\t\t\t\t\t\t<\/div>\n\t\t\t\t\t\t\t\n\t\t\t\t\t\t\t<div class=\"page-block__title\">\n\t\t\t\t\t\t\t\tHochtemperatur-Keramik\t\t\t\t\t\t\t<\/div>\n\t\t\t\t\t\t\t\n\t\t\t\t\t\t\t<div class=\"page-block__icon\">\n\t\t\t\t\t\t\t\t<i class=\"far fa-arrow-up\"><\/i>\n\t\t\t\t\t\t\t<\/div>\n\t\t\t\t\t\t<\/a>\n\t\t\t\t\t<\/div>\n\t\t\t\t\t\t\t\t\t\n\t\t\t\t\t<div class=\"col-12 col-lg-4 overview-item\">\n\t\t\t\t\t\t<a href=\"https:\/\/www.sourcing-ceramics.com\/de\/applications\/verschleissfeste-keramik\/\" class=\"page-block\">\n\t\t\t\t\t\t\t\t\t\t\t\t\t\t\t\t\t\t\t\t\t\t\t<div class=\"page-block__image\" style=\"background-image: url('https:\/\/www.sourcing-ceramics.com\/wp-content\/uploads\/2021\/08\/Desktop-_-Sourcing-Ceramics-_-product.png');\">\n\t\t\t\t\t\t\t\t\t\n\t\t\t\t\t\t\t\t<\/div>\n\t\t\t\t\t\t\t\n\t\t\t\t\t\t\t<div class=\"page-block__title\">\n\t\t\t\t\t\t\t\tVerschlei\u00dffeste Keramik\t\t\t\t\t\t\t<\/div>\n\t\t\t\t\t\t\t\n\t\t\t\t\t\t\t<div class=\"page-block__icon\">\n\t\t\t\t\t\t\t\t<i class=\"far fa-arrow-up\"><\/i>\n\t\t\t\t\t\t\t<\/div>\n\t\t\t\t\t\t<\/a>\n\t\t\t\t\t<\/div>\n\t\t\t\t\t\t\t<\/div>\n\t\t\t<\/div>\n<\/section>","protected":false},"excerpt":{"rendered":"","protected":false},"author":2,"featured_media":0,"parent":0,"menu_order":18,"comment_status":"closed","ping_status":"closed","template":"","meta":{"_acf_changed":false,"footnotes":""},"class_list":["post-1966","page","type-page","status-publish","hentry"],"acf":[],"yoast_head":"<!-- This site is optimized with the Yoast SEO plugin v22.2 - https:\/\/yoast.com\/wordpress\/plugins\/seo\/ -->\n<title>Anwendungen - Sourcing Ceramics<\/title>\n<meta name=\"robots\" content=\"index, follow, max-snippet:-1, max-image-preview:large, max-video-preview:-1\" \/>\n<link rel=\"canonical\" href=\"https:\/\/www.sourcing-ceramics.com\/de\/applications\/\" \/>\n<meta property=\"og:locale\" content=\"de_DE\" \/>\n<meta property=\"og:type\" content=\"article\" \/>\n<meta property=\"og:title\" content=\"Anwendungen - Sourcing Ceramics\" \/>\n<meta property=\"og:url\" content=\"https:\/\/www.sourcing-ceramics.com\/de\/applications\/\" \/>\n<meta property=\"og:site_name\" content=\"Sourcing Ceramics\" \/>\n<meta property=\"article:modified_time\" content=\"2022-01-31T11:27:49+00:00\" \/>\n<meta name=\"twitter:card\" content=\"summary_large_image\" \/>\n<script type=\"application\/ld+json\" class=\"yoast-schema-graph\">{\"@context\":\"https:\/\/schema.org\",\"@graph\":[{\"@type\":\"WebPage\",\"@id\":\"https:\/\/www.sourcing-ceramics.com\/de\/applications\/\",\"url\":\"https:\/\/www.sourcing-ceramics.com\/de\/applications\/\",\"name\":\"Anwendungen - Sourcing Ceramics\",\"isPartOf\":{\"@id\":\"https:\/\/www.sourcing-ceramics.com\/de\/#website\"},\"datePublished\":\"2022-01-31T11:08:31+00:00\",\"dateModified\":\"2022-01-31T11:27:49+00:00\",\"breadcrumb\":{\"@id\":\"https:\/\/www.sourcing-ceramics.com\/de\/applications\/#breadcrumb\"},\"inLanguage\":\"de\",\"potentialAction\":[{\"@type\":\"ReadAction\",\"target\":[\"https:\/\/www.sourcing-ceramics.com\/de\/applications\/\"]}]},{\"@type\":\"BreadcrumbList\",\"@id\":\"https:\/\/www.sourcing-ceramics.com\/de\/applications\/#breadcrumb\",\"itemListElement\":[{\"@type\":\"ListItem\",\"position\":1,\"name\":\"Home\",\"item\":\"https:\/\/www.sourcing-ceramics.com\/de\/\"},{\"@type\":\"ListItem\",\"position\":2,\"name\":\"Anwendungen\"}]},{\"@type\":\"WebSite\",\"@id\":\"https:\/\/www.sourcing-ceramics.com\/de\/#website\",\"url\":\"https:\/\/www.sourcing-ceramics.com\/de\/\",\"name\":\"Sourcing Ceramics\",\"description\":\"\",\"potentialAction\":[{\"@type\":\"SearchAction\",\"target\":{\"@type\":\"EntryPoint\",\"urlTemplate\":\"https:\/\/www.sourcing-ceramics.com\/de\/?s={search_term_string}\"},\"query-input\":\"required name=search_term_string\"}],\"inLanguage\":\"de\"}]}<\/script>\n<!-- \/ Yoast SEO plugin. -->","yoast_head_json":{"title":"Anwendungen - Sourcing Ceramics","robots":{"index":"index","follow":"follow","max-snippet":"max-snippet:-1","max-image-preview":"max-image-preview:large","max-video-preview":"max-video-preview:-1"},"canonical":"https:\/\/www.sourcing-ceramics.com\/de\/applications\/","og_locale":"de_DE","og_type":"article","og_title":"Anwendungen - Sourcing Ceramics","og_url":"https:\/\/www.sourcing-ceramics.com\/de\/applications\/","og_site_name":"Sourcing Ceramics","article_modified_time":"2022-01-31T11:27:49+00:00","twitter_card":"summary_large_image","schema":{"@context":"https:\/\/schema.org","@graph":[{"@type":"WebPage","@id":"https:\/\/www.sourcing-ceramics.com\/de\/applications\/","url":"https:\/\/www.sourcing-ceramics.com\/de\/applications\/","name":"Anwendungen - Sourcing Ceramics","isPartOf":{"@id":"https:\/\/www.sourcing-ceramics.com\/de\/#website"},"datePublished":"2022-01-31T11:08:31+00:00","dateModified":"2022-01-31T11:27:49+00:00","breadcrumb":{"@id":"https:\/\/www.sourcing-ceramics.com\/de\/applications\/#breadcrumb"},"inLanguage":"de","potentialAction":[{"@type":"ReadAction","target":["https:\/\/www.sourcing-ceramics.com\/de\/applications\/"]}]},{"@type":"BreadcrumbList","@id":"https:\/\/www.sourcing-ceramics.com\/de\/applications\/#breadcrumb","itemListElement":[{"@type":"ListItem","position":1,"name":"Home","item":"https:\/\/www.sourcing-ceramics.com\/de\/"},{"@type":"ListItem","position":2,"name":"Anwendungen"}]},{"@type":"WebSite","@id":"https:\/\/www.sourcing-ceramics.com\/de\/#website","url":"https:\/\/www.sourcing-ceramics.com\/de\/","name":"Sourcing Ceramics","description":"","potentialAction":[{"@type":"SearchAction","target":{"@type":"EntryPoint","urlTemplate":"https:\/\/www.sourcing-ceramics.com\/de\/?s={search_term_string}"},"query-input":"required name=search_term_string"}],"inLanguage":"de"}]}},"_links":{"self":[{"href":"https:\/\/www.sourcing-ceramics.com\/de\/wp-json\/wp\/v2\/pages\/1966","targetHints":{"allow":["GET"]}}],"collection":[{"href":"https:\/\/www.sourcing-ceramics.com\/de\/wp-json\/wp\/v2\/pages"}],"about":[{"href":"https:\/\/www.sourcing-ceramics.com\/de\/wp-json\/wp\/v2\/types\/page"}],"author":[{"embeddable":true,"href":"https:\/\/www.sourcing-ceramics.com\/de\/wp-json\/wp\/v2\/users\/2"}],"replies":[{"embeddable":true,"href":"https:\/\/www.sourcing-ceramics.com\/de\/wp-json\/wp\/v2\/comments?post=1966"}],"version-history":[{"count":3,"href":"https:\/\/www.sourcing-ceramics.com\/de\/wp-json\/wp\/v2\/pages\/1966\/revisions"}],"predecessor-version":[{"id":1979,"href":"https:\/\/www.sourcing-ceramics.com\/de\/wp-json\/wp\/v2\/pages\/1966\/revisions\/1979"}],"wp:attachment":[{"href":"https:\/\/www.sourcing-ceramics.com\/de\/wp-json\/wp\/v2\/media?parent=1966"}],"curies":[{"name":"wp","href":"https:\/\/api.w.org\/{rel}","templated":true}]}}