{"id":1900,"date":"2022-01-28T11:00:00","date_gmt":"2022-01-28T10:00:00","guid":{"rendered":"https:\/\/www.sourcing-ceramics.com\/?page_id=1900"},"modified":"2022-03-25T13:37:31","modified_gmt":"2022-03-25T12:37:31","slug":"borkarbid","status":"publish","type":"page","link":"https:\/\/www.sourcing-ceramics.com\/de\/borkarbid\/","title":{"rendered":"Borkarbid"},"content":{"rendered":"<section class=\"module-content\">\n\t<div class=\"container\">\n\t\t\t\t\t<div class=\"row\">\n\t\t\t\t<div class=\"col-12 title\">\n\t\t\t\t\t<h3><h1>Borkarbid &#8211; B<sub>4<\/sub>C<\/h1>\n<\/h3>\n\t\t\t\t<\/div>\n\t\t\t<\/div>\n\t\t\n\t\t<!--COLUMNS-->\n\t\t\t\t\t\t\t\t<div class=\"row\">\n\t\t\t\t\t\t\t\t\t\n\t\t\t\t\t<div class=\"col-12 col-md-6\">\n\t\t\t\t\t\t<div class=\"column\">\n\t\t\t\t\t\t\t<p>Borkarbid (B4C) ist eine Verbindung aus Boron und Carbon. Mit einer Mohs-H\u00e4rte zwischen 9 und 10 ist Borkarbid eine der h\u00e4rtesten synthetischen Substanzen, die bekannt sind, es wird nur noch von kubischem Bornitrid und Diamant \u00fcbertroffen. Aufgrund seiner H\u00e4rte ist das Material extrem gut f\u00fcr abrasive und verschlei\u00dffeste Anwendungen geeignet.<\/p>\n<p>&nbsp;<\/p>\n<p>Verwenden Sie unser <a href=\"https:\/\/www.sourcing-ceramics.com\/de\/materialien\/#materials\">Auswahltool<\/a>, um das beste Material f\u00fcr Ihre Anwendung auszuw\u00e4hlen!<\/p>\n\t\t\t\t\t\t<\/div>\n\t\t\t\t\t<\/div>\n\t\t\t\t\t\t\t\t\t\n\t\t\t\t\t<div class=\"col-12 col-md-6\">\n\t\t\t\t\t\t<div class=\"column\">\n\t\t\t\t\t\t\t<p>In seiner festen Form weist B4C eine sehr geringe Dichte bei gleichzeitig h\u00f6chster H\u00e4rte und guter Verschlei\u00dffestigkeit auf. In Kombination mit einem hohen Elastizit\u00e4tsmodul bietet diese Verbindung eine ausgezeichnete Energieabsorption gegen\u00fcber ballistischen K\u00f6rpern auf, vor allem wenn es mit anderen Materialien wie Kunststoffen kombiniert wird.<\/p>\n\t\t\t\t\t\t<\/div>\n\t\t\t\t\t<\/div>\n\t\t\t\t\t\t\t<\/div>\n\t\t\t<\/div>\n<\/section>\n\n<div class=\"module-masthead\">\n\t\t\t<div class=\"masthead-slider\">\n\t\t\t\t\t\t\t\n\t\t\t\t<div class=\"slide\" style=\"background-image: url('https:\/\/www.sourcing-ceramics.com\/wp-content\/uploads\/2021\/08\/Desktop-_-Sourcing-Ceramics-_-afbeelding-wereldbol-scaled-e1629459731895-1920x979.jpg');\">\n\t\t\t\t\t<div class=\"container\">\n\t\t\t\t\t\t<div class=\"row\">\n\t\t\t\t\t\t\t<div class=\"col-12 text-center\">\n\t\t\t\t\t\t\t\t\t\t\t\t\t\t\t\t\t<div class=\"slide__title\">\n\t\t\t\t\t\t\t\t\t\t<h1><p>Borkarbid<\/p>\n<\/h1>\n\t\t\t\t\t\t\t\t\t<\/div>\n\t\t\t\t\t\t\t\t\n\t\t\t\t\t\t\t\t\t\t\t\t\t\t\t\t\t<div class=\"slide__subtitle\">\n\t\t\t\t\t\t\t\t\t\t<p>Das <em>h\u00e4rteste<\/em> keramische Material, extrem gut f\u00fcr ballistische Anwendungen geeignet<\/p>\n\t\t\t\t\t\t\t\t\t<\/div>\n\t\t\t\t\t\t\t\t\n\t\t\t\t\t\t\t\t\t\t\t\t\t\t\t<\/div>\n\t\t\t\t\t\t<\/div>\n\t\t\t\t\t<\/div>\n\n\t\t\t\t\t<!--CONTENT BLOCKS-->\n\t\t\t\t\t\t\t\t\t\t\t<div class=\"slide__content-blocks\">\n\t\t\t\t\t\t\t<div class=\"container\">\n\t\t\t\t\t\t\t\t<div class=\"row\">\n\t\t\t\t\t\t\t\t\t\t\t\t\t\t\t\t\t\t\t\t\n\n\t\t\t\t\t\t\t\t\t\t<div class=\"col-12 col-lg-6 overview-item\">\n\t\t\t\t\t\t\t\t\t\t\t\t\t\t\t\t\t\t\t\t\t\t\t<div class=\"content-block\">\n\t\t\t\t\t\t\t\t\t\t\t\t\t\t\t\t\t\t\t\t\t\t\n\t\t\t\t\t\t\t\t\t\t\t\t\t\t\t\t\t\t\t\t\t\t\t\t\t\t\t\t\t\t\t\t\t\t\t\t\t\t<div class=\"content-block__image\" style=\"background-image: url('https:\/\/www.sourcing-ceramics.com\/wp-content\/uploads\/2021\/10\/gimex0172-e1634213306859-1024x706.png');\">\n\t\t\t\t\t\t\t\t\t\t\t\t\t\t\n\t\t\t\t\t\t\t\t\t\t\t\t\t<\/div>\n\t\t\t\t\t\t\t\t\t\t\t\t\t\t\t\t\t\t\t\t\t\t\t\t<div class=\"content-block__title\">\n\t\t\t\t\t\t\t\t\t\t\t\t\tHauptmerkmale\t\t\t\t\t\t\t\t\t\t\t\t<\/div>\n\t\t\t\t\t\t\t\t\t\t\t\t<div class=\"content-block__editor\">\n\t\t\t\t\t\t\t\t\t\t\t\t\t<ul>\n<li>Hohe H\u00e4rte<\/li>\n<li>Extrem verschlei\u00dffest<\/li>\n<li>Geringe Dichte<\/li>\n<li>Gute W\u00e4rmeleitf\u00e4higkeit<\/li>\n<li>Chemische Resistenz<\/li>\n<\/ul>\n\t\t\t\t\t\t\t\t\t\t\t\t<\/div>\n\n\t\t\t\t\t\t\t\t\t\t\t\t\t\t\t\t\t\t\t\t\t\t\t\n\t\t\t\t\t\t\t\t\t\t\t\t\t\t\t\t\t\t\t\t\t\t\t<\/div>\n\t\t\t\t\t\t\t\t\t\t\t\t\t\t\t\t\t\t\t\t\t<\/div>\n\t\t\t\t\t\t\t\t\t\t\t\t\t\t\t\t\t\t\t\t\n\n\t\t\t\t\t\t\t\t\t\t<div class=\"col-12 col-lg-6 overview-item\">\n\t\t\t\t\t\t\t\t\t\t\t\t\t\t\t\t\t\t\t\t\t\t\t<div class=\"content-block\">\n\t\t\t\t\t\t\t\t\t\t\t\t\t\t\t\t\t\t\t\t\t\t\n\t\t\t\t\t\t\t\t\t\t\t\t\t\t\t\t\t\t\t\t\t\t\t\t\t\t\t\t\t\t\t\t\t\t\t\t\t\t<div class=\"content-block__image\" style=\"background-image: url('https:\/\/www.sourcing-ceramics.com\/wp-content\/uploads\/2021\/10\/gimex0175-e1634213257182-1024x442.png');\">\n\t\t\t\t\t\t\t\t\t\t\t\t\t\t\n\t\t\t\t\t\t\t\t\t\t\t\t\t<\/div>\n\t\t\t\t\t\t\t\t\t\t\t\t\t\t\t\t\t\t\t\t\t\t\t\t<div class=\"content-block__title\">\n\t\t\t\t\t\t\t\t\t\t\t\t\tAnwendungen\t\t\t\t\t\t\t\t\t\t\t\t<\/div>\n\t\t\t\t\t\t\t\t\t\t\t\t<div class=\"content-block__editor\">\n\t\t\t\t\t\t\t\t\t\t\t\t\t<ul>\n<li>Strahld\u00fcse<\/li>\n<li>Ballistische Anwendung<\/li>\n<li>Schneidewerkzeuge<\/li>\n<li>Schleifmittel<\/li>\n<li>Halbleiter Industrie<\/li>\n<\/ul>\n\t\t\t\t\t\t\t\t\t\t\t\t<\/div>\n\n\t\t\t\t\t\t\t\t\t\t\t\t\t\t\t\t\t\t\t\t\t\t\t\n\t\t\t\t\t\t\t\t\t\t\t\t\t\t\t\t\t\t\t\t\t\t\t<\/div>\n\t\t\t\t\t\t\t\t\t\t\t\t\t\t\t\t\t\t\t\t\t<\/div>\n\t\t\t\t\t\t\t\t\t\t\t\t\t\t\t\t\t<\/div>\n\t\t\t\t\t\t\t<\/div>\n\n\t\t\t\t\t\t\t<div class=\"slide__content-blocks-bottom\">\n\t\t\t\t\t\t\t\t\n\t\t\t\t\t\t\t<\/div>\n\t\t\t\t\t\t<\/div>\n\t\t\t\t\t\n\t\t\t\t\t<div class=\"slide__overlay d-none\">\n\t\t\t\t\t\t\n\t\t\t\t\t<\/div>\n\n\t\t\t\t<\/div>\n\t\t\t\t\t<\/div>\n\t<\/div>\n\n<section class=\"module-accordion\">\n\t<div class=\"container\">\n\t\t\t\t\t<div class=\"row\" id=\"accordion\">\n\t\t\t\t\t\t\t\t\t<div class=\"col-12\">\n\t\t\t\t\t\t<div class=\"accordion-item\">\n\t\t\t\t\t\t\t<div id=\"heading1\">\n\t\t\t\t\t\t\t\t<div class=\"accordion-item__question collapsed\" data-bs-toggle=\"collapse\" data-bs-target=\"#collapse1\" aria-expanded=\"false\" aria-controls=\"collapse1\">\n\t\t\t\t\t\t\t\t\t<div class=\"accordion-item__question__title\">\n\t\t\t\t\t\t\t\t\t\tL\u00e4sst sich Borkarbid bearbeiten?\t\t\t\t\t\t\t\t\t<\/div>\n\n\t\t\t\t\t\t\t\t\t<div class=\"accordion-item__question__toggler\">\n\t\t\t\t\t\t\t\t\t\t<i class=\"far fa-arrow-up\"><\/i>\n\t\t\t\t\t\t\t\t\t<\/div>\n\n\t\t\t\t\t\t\t\t<\/div>\n\t\t\t\t\t\t\t<\/div>\n\n\t\t\t\t\t\t\t<div id=\"collapse1\" class=\"collapse\" aria-labelledby=\"heading1\" data-bs-parent=\"#accordion\">\n\t\t\t\t\t\t\t\t<div class=\"accordion-item__answer\">\n\t\t\t\t\t\t\t\t\tJa, das ist m\u00f6glich, es ist allerdings sehr schwierig, da das Material sehr hart und spr\u00f6de ist. Daher empfehlen wir, die Komplexit\u00e4t des Entwurfs so gering wie m\u00f6glich zu halten, um unn\u00f6tige Ausgaben zu vermeiden.\t\t\t\t\t\t\t\t<\/div>\n\t\t\t\t\t\t\t<\/div>\n\t\t\t\t\t\t<\/div>\n\t\t\t\t\t<\/div>\n\t\t\t\t\t\t\t\t\t<div class=\"col-12\">\n\t\t\t\t\t\t<div class=\"accordion-item\">\n\t\t\t\t\t\t\t<div id=\"heading2\">\n\t\t\t\t\t\t\t\t<div class=\"accordion-item__question collapsed\" data-bs-toggle=\"collapse\" data-bs-target=\"#collapse2\" aria-expanded=\"false\" aria-controls=\"collapse2\">\n\t\t\t\t\t\t\t\t\t<div class=\"accordion-item__question__title\">\n\t\t\t\t\t\t\t\t\t\tIst Borkarbid teuer?\t\t\t\t\t\t\t\t\t<\/div>\n\n\t\t\t\t\t\t\t\t\t<div class=\"accordion-item__question__toggler\">\n\t\t\t\t\t\t\t\t\t\t<i class=\"far fa-arrow-up\"><\/i>\n\t\t\t\t\t\t\t\t\t<\/div>\n\n\t\t\t\t\t\t\t\t<\/div>\n\t\t\t\t\t\t\t<\/div>\n\n\t\t\t\t\t\t\t<div id=\"collapse2\" class=\"collapse\" aria-labelledby=\"heading2\" data-bs-parent=\"#accordion\">\n\t\t\t\t\t\t\t\t<div class=\"accordion-item__answer\">\n\t\t\t\t\t\t\t\t\tDie Kosten f\u00fcr Borkarbid sind im Allgemeinen ziemlich hoch, weil die H\u00e4rte des Materials die Bearbeitung erschwert.\t\t\t\t\t\t\t\t<\/div>\n\t\t\t\t\t\t\t<\/div>\n\t\t\t\t\t\t<\/div>\n\t\t\t\t\t<\/div>\n\t\t\t\t\t\t\t\t\t<div class=\"col-12\">\n\t\t\t\t\t\t<div class=\"accordion-item\">\n\t\t\t\t\t\t\t<div id=\"heading3\">\n\t\t\t\t\t\t\t\t<div class=\"accordion-item__question collapsed\" data-bs-toggle=\"collapse\" data-bs-target=\"#collapse3\" aria-expanded=\"false\" aria-controls=\"collapse3\">\n\t\t\t\t\t\t\t\t\t<div class=\"accordion-item__question__title\">\n\t\t\t\t\t\t\t\t\t\tWarum wird Borkarbid oft f\u00fcr ballistische Panzerung eingesetzt?\t\t\t\t\t\t\t\t\t<\/div>\n\n\t\t\t\t\t\t\t\t\t<div class=\"accordion-item__question__toggler\">\n\t\t\t\t\t\t\t\t\t\t<i class=\"far fa-arrow-up\"><\/i>\n\t\t\t\t\t\t\t\t\t<\/div>\n\n\t\t\t\t\t\t\t\t<\/div>\n\t\t\t\t\t\t\t<\/div>\n\n\t\t\t\t\t\t\t<div id=\"collapse3\" class=\"collapse\" aria-labelledby=\"heading3\" data-bs-parent=\"#accordion\">\n\t\t\t\t\t\t\t\t<div class=\"accordion-item__answer\">\n\t\t\t\t\t\t\t\t\tDie Kombination von H\u00e4rte, hohem Elastizit\u00e4tsmodul und geringer Dichte verleiht dem Material eine au\u00dfergew\u00f6hnlich hohe Bremskraft, sodass es dem Aufprall fliegender Projektile standhalten kann. \t\t\t\t\t\t\t\t<\/div>\n\t\t\t\t\t\t\t<\/div>\n\t\t\t\t\t\t<\/div>\n\t\t\t\t\t<\/div>\n\t\t\t\t\t\t\t\t\t<div class=\"col-12\">\n\t\t\t\t\t\t<div class=\"accordion-item\">\n\t\t\t\t\t\t\t<div id=\"heading4\">\n\t\t\t\t\t\t\t\t<div class=\"accordion-item__question collapsed\" data-bs-toggle=\"collapse\" data-bs-target=\"#collapse4\" aria-expanded=\"false\" aria-controls=\"collapse4\">\n\t\t\t\t\t\t\t\t\t<div class=\"accordion-item__question__title\">\n\t\t\t\t\t\t\t\t\t\tWie l\u00e4sst sich Borkarbid formen?\t\t\t\t\t\t\t\t\t<\/div>\n\n\t\t\t\t\t\t\t\t\t<div class=\"accordion-item__question__toggler\">\n\t\t\t\t\t\t\t\t\t\t<i class=\"far fa-arrow-up\"><\/i>\n\t\t\t\t\t\t\t\t\t<\/div>\n\n\t\t\t\t\t\t\t\t<\/div>\n\t\t\t\t\t\t\t<\/div>\n\n\t\t\t\t\t\t\t<div id=\"collapse4\" class=\"collapse\" aria-labelledby=\"heading4\" data-bs-parent=\"#accordion\">\n\t\t\t\t\t\t\t\t<div class=\"accordion-item__answer\">\n\t\t\t\t\t\t\t\t\tIn den meisten F\u00e4llen wird Borkarbid durch isostatisches Pressen (HIP) geformt und bei ungef\u00e4hr 2200 \u00b0C zwei Stunden lang gesintert. Der Schmelzpunkt des Materials liegt bei etwa 2350 \u00b0C.\t\t\t\t\t\t\t\t<\/div>\n\t\t\t\t\t\t\t<\/div>\n\t\t\t\t\t\t<\/div>\n\t\t\t\t\t<\/div>\n\t\t\t\t\t\t\t<\/div>\n\t\t\t\n\t<\/div>\n<\/section>\n\n\n<script>\n\tvar materials = {\"items\":[{\"category\":\"Carbide\",\"title\":\"Boron Carbide\",\"link\":\"https:\\\/\\\/www.sourcing-ceramics.com\\\/de\\\/materials\\\/boron-carbide\\\/\",\"cat_link\":\"https:\\\/\\\/www.sourcing-ceramics.com\\\/de\\\/borkarbid\\\/\",\"material_density\":\"2.50\",\"material_porosity\":\"0\",\"material_hardness\":\"3000\",\"material_compressive_strength\":\"2600\",\"material_bending_strength\":\"400\",\"material_e_modulus\":\"450\",\"material_weibull_modulus\":\"10\",\"material_fracture_toughness\":\"3\",\"material_coefficient_of_friction\":\"\",\"material_max_use_temperature_in_air\":\"500\",\"material_max_use_temperature_in_inert_atm\":\"2000\",\"material_thermal_shock_resistance\":\"good\",\"material_expansion_coefficient_20_200\":\"5.0\",\"material_expansion_coefficient_20_600\":\"\",\"material_expansion_coefficient_20_1000\":\"\",\"material_thermal_conductivity_at_20c\":\"45\",\"material_resistivity_at_20c\":\"0.2\",\"material_resistivity_at_400c\":\"\",\"material_resistivity_at_1000c\":\"\",\"filters\":[\"hardness\"]}],\"filters\":[\"insulation\",\"hardness\",\"bending strength\",\"thermal shock resistance\",\"thermal conductivity\",\"thermal insulation\",\"temperature above 1000c\",\"temperature above 1400c\"],\"show_filters\":false}<\/script>\n\n<section class=\"module-materials\" id=\"app-materials\">\n\t<!--FILTERS-->\n\t<div v-if=\"showFilters\" class=\"filters container anchor\" id=\"materials\">\n\t\t<div class=\"row\">\n\t\t\t<div class=\"col-12 col-md-6\">\n\t\t\t\t<div class=\"row\">\n\t\t\t\t\t<div class=\"col-12 col-xl-6\">\n\t\t\t\t\t\t<div class=\"filters__title\">\n\t\t\t\t\t\t\tElectrical properties\t\t\t\t\t\t<\/div>\t\n\n\t\t\t\t\t\t<ul>\n\t\t\t\t\t\t\t<li v-for=\"filter in filters.slice(0,1)\">\n\t\t\t\t\t\t\t\t<input type=\"radio\" :id=\"filter\" v-model=\"selectedInsulation\" :value=\"filter\">\n\t\t\t\t\t\t\t\t<label :for=\"filter\" v-html=\"filter\"><\/label>\n\t\t\t\t\t\t\t<\/li>\n\t\t\t\t\t\t<\/ul>\n\t\t\t\t\t<\/div>\n\t\t\t\t\t<div class=\"col-12 col-xl-6\">\n\t\t\t\t\t\t<div class=\"filters__title\">\n\t\t\t\t\t\t\tMechanical properties\t\t\t\t\t\t<\/div>\t\n\t\t\t\t\t\t<ul>\n\t\t\t\t\t\t\t<li v-for=\"filter in filters.slice(1,2)\">\n\t\t\t\t\t\t\t\t<input type=\"radio\" :id=\"filter\" v-model=\"selectedHardness\" :value=\"filter\">\n\t\t\t\t\t\t\t\t<label :for=\"filter\" v-html=\"filter\"><\/label>\n\t\t\t\t\t\t\t<\/li>\n\t\t\t\t\t\t\t<li v-for=\"filter in filters.slice(2,3)\">\n\t\t\t\t\t\t\t\t<input type=\"radio\" :id=\"filter\" v-model=\"selectedBendingStrength\" :value=\"filter\">\n\t\t\t\t\t\t\t\t<label :for=\"filter\" v-html=\"filter\"><\/label>\n\t\t\t\t\t\t\t<\/li>\n\t\t\t\t\t\t<\/ul>\n\t\t\t\t\t<\/div>\n\t\t\t\t<\/div>\n\t\t\t<\/div>\n\n\t\t\t<div class=\"col-12 col-md-6\">\n\t\t\t\t<div class=\"filters__title\">\n\t\t\t\t\tThermal properties\t\t\t\t<\/div>\t\n\t\t\t\t<div class=\"row\">\n\t\t\t\t\t<div class=\"col-12 col-xl-6\">\n\t\t\t\t\t\t<ul>\n\t\t\t\t\t\t\t<li v-for=\"filter in filters.slice(3,4)\">\n\t\t\t\t\t\t\t\t<input type=\"radio\" :id=\"filter\" v-model=\"selectedThermalShockResistance\" :value=\"filter\">\n\t\t\t\t\t\t\t\t<label :for=\"filter\" v-html=\"filter\"><\/label>\n\t\t\t\t\t\t\t<\/li>\n\t\t\t\t\t\t\t<li v-for=\"filter in filters.slice(4,5)\">\n\t\t\t\t\t\t\t\t<input type=\"radio\" :id=\"filter\" v-model=\"selectedThermalConductivity\" :value=\"filter\">\n\t\t\t\t\t\t\t\t<label :for=\"filter\" v-html=\"filter\"><\/label>\n\t\t\t\t\t\t\t<\/li>\n\t\t\t\t\t\t\t<li v-for=\"filter in filters.slice(5,6)\">\n\t\t\t\t\t\t\t\t<input type=\"radio\" :id=\"filter\" v-model=\"selectedThermalInsulation\" :value=\"filter\">\n\t\t\t\t\t\t\t\t<label :for=\"filter\" v-html=\"filter\"><\/label>\n\t\t\t\t\t\t\t<\/li>\n\t\t\t\t\t\t<\/ul>\n\t\t\t\t\t<\/div>\n\t\t\t\t\t<div class=\"col-12 col-xl-6\">\n\t\t\t\t\t\tTemperature application\t\t\t\t\t\t<ul>\n\t\t\t\t\t\t\t<li v-for=\"filter in filters.slice(6,7)\">\n\t\t\t\t\t\t\t\t<input type=\"radio\" :id=\"filter\" v-model=\"selectedTemperature1000\" :value=\"filter\">\n\t\t\t\t\t\t\t\t<label :for=\"filter\" v-html=\"filter\"><\/label>\n\t\t\t\t\t\t\t<\/li>\n\t\t\t\t\t\t\t<li v-for=\"filter in filters.slice(7,8)\">\n\t\t\t\t\t\t\t\t<input type=\"radio\" :id=\"filter\" v-model=\"selectedTemperature1400\" :value=\"filter\">\n\t\t\t\t\t\t\t\t<label :for=\"filter\" v-html=\"filter\"><\/label>\n\t\t\t\t\t\t\t<\/li>\n\t\t\t\t\t\t<\/ul>\n\t\t\t\t\t<\/div>\n\t\t\t\t<\/div>\n\t\t\t<\/div>\n\t\t<\/div>\n\t<\/div>\n\t<div v-if=\"filteredMaterials.length\">\n\t\t<!--ITEMS-->\n\t\t<div class=\"materials-wrapper\">\n\t\t\t<div v-for=\"item in filteredMaterials\" class=\" overview-item\">\n\t\t\t\t\t\t\t\t\t<div class=\"material-item material-item--no-hover\">\n\t\t\t\t\t\t\t\t\t<div class=\"material-item__category d-none\" v-html=\"item.category\"><\/div>\n\t\t\t\t\t<div class=\"material-item__title\" v-html=\"item.title\"><\/div>\n\t\t\t\t\n\t\t\t\t\t<span class=\"d-none d-lg-block\">\n\t\t\t\t\t\t<span class=\"row\">\n\t\t\t\t\t\t\t<span class=\"col-12 strong\">\n\t\t\t\t\t\t\t\tProperties\n\t\t\t\t\t\t\t<\/span>\n\t\t\t\t\t\t\t<span class=\"col-12 col-lg-8\">\n\t\t\t\t\t\t\t\tDensity\n\t\t\t\t\t\t\t<\/span>\n\t\t\t\t\t\t\t<span class=\"col-12 col-lg-4\">\n\t\t\t\t\t\t\t\t<span v-html=\"item.material_density\"><\/span> g\/cm3\n\t\t\t\t\t\t\t<\/span>\n\t\t\t\t\t\t\t<span class=\"col-12 col-lg-8\">\n\t\t\t\t\t\t\t\tPorosity\n\t\t\t\t\t\t\t<\/span>\n\t\t\t\t\t\t\t<span class=\"col-12 col-lg-4\">\n\t\t\t\t\t\t\t\t<span v-html=\"item.material_porosity\"><\/span> %\n\t\t\t\t\t\t\t<\/span>\n\t\t\t\t\t\t<\/span>\n\n\t\t\t\t\t\t<span class=\"row\">\n\t\t\t\t\t\t\t<span class=\"col-12 strong\">\n\t\t\t\t\t\t\t\tMechanical properties\n\t\t\t\t\t\t\t<\/span>\n\t\t\t\t\t\t\t<span class=\"col-12 col-lg-8\">\n\t\t\t\t\t\t\t\tHardness (Vickers)\n\t\t\t\t\t\t\t<\/span>\n\t\t\t\t\t\t\t<span class=\"col-12 col-lg-4\">\n\t\t\t\t\t\t\t\t<span v-html=\"item.material_hardness\"><\/span> kg\/mm2\n\t\t\t\t\t\t\t<\/span>\n\t\t\t\t\t\t\t<span class=\"col-12 col-lg-8\">\n\t\t\t\t\t\t\t\tCompressive strength\n\t\t\t\t\t\t\t<\/span>\n\t\t\t\t\t\t\t<span class=\"col-12 col-lg-4\">\n\t\t\t\t\t\t\t\t<span v-html=\"item.material_compressive_strength\"><\/span> N\/mm2\n\t\t\t\t\t\t\t<\/span>\n\t\t\t\t\t\t\t<span class=\"col-12 col-lg-8\">\n\t\t\t\t\t\t\t\tBending strength\n\t\t\t\t\t\t\t<\/span>\n\t\t\t\t\t\t\t<span class=\"col-12 col-lg-4\">\n\t\t\t\t\t\t\t\t<span v-html=\"item.material_bending_strength\"><\/span> N\/mm2\n\t\t\t\t\t\t\t<\/span>\n\t\t\t\t\t\t\t<span class=\"col-12 col-lg-8\">\n\t\t\t\t\t\t\t\tE-modulus\n\t\t\t\t\t\t\t<\/span>\n\t\t\t\t\t\t\t<span class=\"col-12 col-lg-4\">\n\t\t\t\t\t\t\t\t<span v-html=\"item.material_e_modulus\"><\/span> kN\/mm2\n\t\t\t\t\t\t\t<\/span>\n\t\t\t\t\t\t\t<span class=\"col-12 col-lg-8\">\n\t\t\t\t\t\t\t\tWeibull modulus\n\t\t\t\t\t\t\t<\/span>\n\t\t\t\t\t\t\t<span class=\"col-12 col-lg-4\">\n\t\t\t\t\t\t\t\t<span v-html=\"item.material_weibull_modulus\"><\/span> m\n\t\t\t\t\t\t\t<\/span>\n\t\t\t\t\t\t\t<span class=\"col-12 col-lg-8\">\n\t\t\t\t\t\t\t\tFracture toughness K1c\n\t\t\t\t\t\t\t<\/span>\n\t\t\t\t\t\t\t<span class=\"col-12 col-lg-4\">\n\t\t\t\t\t\t\t\t<span v-html=\"item.material_fracture_toughness\"><\/span> Mpam\n\t\t\t\t\t\t\t<\/span>\n\t\t\t\t\t\t\t<span class=\"col-12 col-lg-8\">\n\t\t\t\t\t\t\t\tCoefficient of friction\n\t\t\t\t\t\t\t<\/span>\n\t\t\t\t\t\t\t<span class=\"col-12 col-lg-4\">\n\t\t\t\t\t\t\t\t<span v-html=\"item.material_coefficient_of_friction\"><\/span>\n\t\t\t\t\t\t\t<\/span>\n\t\t\t\t\t\t<\/span>\n\n\t\t\t\t\t\t<span class=\"row\">\n\t\t\t\t\t\t\t<span class=\"col-12 strong\">\n\t\t\t\t\t\t\t\tThermal properties <br\/>\n\t\t\t\t\t\t\t\t(Max. use temperature)\n\t\t\t\t\t\t\t<\/span>\n\t\t\t\t\t\t\t<span class=\"col-12 col-lg-8\">\n\t\t\t\t\t\t\t\t*in air\n\t\t\t\t\t\t\t<\/span>\n\t\t\t\t\t\t\t<span class=\"col-12 col-lg-4\">\n\t\t\t\t\t\t\t\t<span v-html=\"item.material_max_use_temperature_in_air\"><\/span> &#8451;\n\t\t\t\t\t\t\t<\/span>\n\t\t\t\t\t\t\t<span class=\"col-12 col-lg-8\">\n\t\t\t\t\t\t\t\t*in inert atm.\n\t\t\t\t\t\t\t<\/span>\n\t\t\t\t\t\t\t<span class=\"col-12 col-lg-4\">\n\t\t\t\t\t\t\t\t<span v-html=\"item.material_max_use_temperature_in_inert_atm\"><\/span> &#8451;\n\t\t\t\t\t\t\t<\/span>\n\t\t\t\t\t\t\t<span class=\"col-12 col-lg-8\">\n\t\t\t\t\t\t\t\tThermal shock resistance\n\t\t\t\t\t\t\t<\/span>\n\t\t\t\t\t\t\t<span class=\"col-12 col-lg-4\">\n\t\t\t\t\t\t\t\t<span v-html=\"item.material_thermal_shock_resistance\"><\/span>\n\t\t\t\t\t\t\t<\/span>\n\t\t\t\t\t\t\t<span class=\"col-12\">\n\t\t\t\t\t\t\t\tExpansion coefficient\n\t\t\t\t\t\t\t<\/span>\n\t\t\t\t\t\t\t<span class=\"col-12 col-lg-8\">\n\t\t\t\t\t\t\t\t*20C - 200C\n\t\t\t\t\t\t\t<\/span>\n\t\t\t\t\t\t\t<span class=\"col-12 col-lg-4\">\n\t\t\t\t\t\t\t\t<span v-html=\"item.material_expansion_coefficient_20_200\"><\/span>\n\t\t\t\t\t\t\t<\/span>\n\t\t\t\t\t\t\t<span class=\"col-12 col-lg-8\">\n\t\t\t\t\t\t\t\t*20C - 600C\n\t\t\t\t\t\t\t<\/span>\n\t\t\t\t\t\t\t<span class=\"col-12 col-lg-4\">\n\t\t\t\t\t\t\t\t<span v-html=\"item.material_expansion_coefficient_20_600\"><\/span>\n\t\t\t\t\t\t\t<\/span>\n\t\t\t\t\t\t\t<span class=\"col-12 col-lg-8\">\n\t\t\t\t\t\t\t\t*20C - 1000C\n\t\t\t\t\t\t\t<\/span>\n\t\t\t\t\t\t\t<span class=\"col-12 col-lg-4\">\n\t\t\t\t\t\t\t\t<span v-html=\"item.material_expansion_coefficient_20_1000\"><\/span>\n\t\t\t\t\t\t\t<\/span>\n\t\t\t\t\t\t\t<span class=\"col-12 col-lg-8\">\n\t\t\t\t\t\t\t\tThermal conductivity at 20C \n\t\t\t\t\t\t\t<\/span>\n\t\t\t\t\t\t\t<span class=\"col-12 col-lg-4\">\n\t\t\t\t\t\t\t\t<span v-html=\"item.material_thermal_conductivity_at_20c\"><\/span> W\/mK\n\t\t\t\t\t\t\t<\/span>\n\t\t\t\t\t\t<\/span>\n\n\t\t\t\t\t\t<span class=\"row\">\n\t\t\t\t\t\t\t<span class=\"col-12 strong\">\n\t\t\t\t\t\t\t\tElectrical properties (Resistivity)\n\t\t\t\t\t\t\t<\/span>\n\t\t\t\t\t\t\t<span class=\"col-12 col-lg-8\">\n\t\t\t\t\t\t\t\t* at 20C\n\t\t\t\t\t\t\t<\/span>\n\t\t\t\t\t\t\t<span class=\"col-12 col-lg-4\">\n\t\t\t\t\t\t\t\t<span v-html=\"item.material_resistivity_at_20c\"><\/span> ohm cm\n\t\t\t\t\t\t\t<\/span>\n\t\t\t\t\t\t\t<span class=\"col-12 col-lg-8\">\n\t\t\t\t\t\t\t\t* at 400C\n\t\t\t\t\t\t\t<\/span>\n\t\t\t\t\t\t\t<span class=\"col-12 col-lg-4\">\n\t\t\t\t\t\t\t\t<span v-html=\"item.material_resistivity_at_400c\"><\/span> ohm cm\n\t\t\t\t\t\t\t<\/span>\n\t\t\t\t\t\t\t<span class=\"col-12 col-lg-8\">\n\t\t\t\t\t\t\t\t* at 1000C\n\t\t\t\t\t\t\t<\/span>\n\t\t\t\t\t\t\t<span class=\"col-12 col-lg-4\">\n\t\t\t\t\t\t\t\t<span v-html=\"item.material_resistivity_at_1000c\"><\/span> ohm cm\n\t\t\t\t\t\t\t<\/span>\n\t\t\t\t\t\t<\/span>\n\t\t\t\t\t<\/span>\n\t\t\t\t\t\t\t\t\t\t\t\t\t\t<\/div>\n\t\t\t\t\t\t\t<\/div>\n\t\t<\/div>\n\t<\/div>\n\t<div v-else>\n\t\t<div class=\"container\">\n\t\t\t<div class=\"row\">\n\t\t\t\t<div class=\"col-12\">\n\t\t\t\t\tNo items matched filters\n\t\t\t\t\t<br \/><br \/>\n\t\t\t\t\t<div class=\"btn btn--autowidth\" @click=\"clearFilter()\">\n\t\t\t\t\t\tClear filter\n\t\t\t\t\t<\/div>\n\t\t\t\t<\/div>\n\t\t\t<\/div>\n\t\t<\/div>\n\t<\/div>\n<\/section>","protected":false},"excerpt":{"rendered":"","protected":false},"author":2,"featured_media":0,"parent":0,"menu_order":2,"comment_status":"closed","ping_status":"closed","template":"","meta":{"_acf_changed":false,"footnotes":""},"class_list":["post-1900","page","type-page","status-publish","hentry"],"acf":[],"yoast_head":"<!-- This site is optimized with the Yoast SEO plugin v22.2 - https:\/\/yoast.com\/wordpress\/plugins\/seo\/ -->\n<title>Borkarbid - Sourcing Ceramics<\/title>\n<meta name=\"robots\" content=\"index, follow, max-snippet:-1, max-image-preview:large, max-video-preview:-1\" \/>\n<link rel=\"canonical\" href=\"https:\/\/www.sourcing-ceramics.com\/de\/borkarbid\/\" \/>\n<meta property=\"og:locale\" content=\"de_DE\" \/>\n<meta property=\"og:type\" content=\"article\" \/>\n<meta property=\"og:title\" content=\"Borkarbid - Sourcing Ceramics\" \/>\n<meta property=\"og:url\" content=\"https:\/\/www.sourcing-ceramics.com\/de\/borkarbid\/\" \/>\n<meta property=\"og:site_name\" content=\"Sourcing Ceramics\" \/>\n<meta property=\"article:modified_time\" content=\"2022-03-25T12:37:31+00:00\" \/>\n<meta name=\"twitter:card\" content=\"summary_large_image\" \/>\n<script type=\"application\/ld+json\" class=\"yoast-schema-graph\">{\"@context\":\"https:\/\/schema.org\",\"@graph\":[{\"@type\":\"WebPage\",\"@id\":\"https:\/\/www.sourcing-ceramics.com\/de\/borkarbid\/\",\"url\":\"https:\/\/www.sourcing-ceramics.com\/de\/borkarbid\/\",\"name\":\"Borkarbid - Sourcing Ceramics\",\"isPartOf\":{\"@id\":\"https:\/\/www.sourcing-ceramics.com\/de\/#website\"},\"datePublished\":\"2022-01-28T10:00:00+00:00\",\"dateModified\":\"2022-03-25T12:37:31+00:00\",\"breadcrumb\":{\"@id\":\"https:\/\/www.sourcing-ceramics.com\/de\/borkarbid\/#breadcrumb\"},\"inLanguage\":\"de\",\"potentialAction\":[{\"@type\":\"ReadAction\",\"target\":[\"https:\/\/www.sourcing-ceramics.com\/de\/borkarbid\/\"]}]},{\"@type\":\"BreadcrumbList\",\"@id\":\"https:\/\/www.sourcing-ceramics.com\/de\/borkarbid\/#breadcrumb\",\"itemListElement\":[{\"@type\":\"ListItem\",\"position\":1,\"name\":\"Home\",\"item\":\"https:\/\/www.sourcing-ceramics.com\/de\/\"},{\"@type\":\"ListItem\",\"position\":2,\"name\":\"Borkarbid\"}]},{\"@type\":\"WebSite\",\"@id\":\"https:\/\/www.sourcing-ceramics.com\/de\/#website\",\"url\":\"https:\/\/www.sourcing-ceramics.com\/de\/\",\"name\":\"Sourcing Ceramics\",\"description\":\"\",\"potentialAction\":[{\"@type\":\"SearchAction\",\"target\":{\"@type\":\"EntryPoint\",\"urlTemplate\":\"https:\/\/www.sourcing-ceramics.com\/de\/?s={search_term_string}\"},\"query-input\":\"required name=search_term_string\"}],\"inLanguage\":\"de\"}]}<\/script>\n<!-- \/ Yoast SEO plugin. -->","yoast_head_json":{"title":"Borkarbid - Sourcing Ceramics","robots":{"index":"index","follow":"follow","max-snippet":"max-snippet:-1","max-image-preview":"max-image-preview:large","max-video-preview":"max-video-preview:-1"},"canonical":"https:\/\/www.sourcing-ceramics.com\/de\/borkarbid\/","og_locale":"de_DE","og_type":"article","og_title":"Borkarbid - Sourcing Ceramics","og_url":"https:\/\/www.sourcing-ceramics.com\/de\/borkarbid\/","og_site_name":"Sourcing Ceramics","article_modified_time":"2022-03-25T12:37:31+00:00","twitter_card":"summary_large_image","schema":{"@context":"https:\/\/schema.org","@graph":[{"@type":"WebPage","@id":"https:\/\/www.sourcing-ceramics.com\/de\/borkarbid\/","url":"https:\/\/www.sourcing-ceramics.com\/de\/borkarbid\/","name":"Borkarbid - Sourcing Ceramics","isPartOf":{"@id":"https:\/\/www.sourcing-ceramics.com\/de\/#website"},"datePublished":"2022-01-28T10:00:00+00:00","dateModified":"2022-03-25T12:37:31+00:00","breadcrumb":{"@id":"https:\/\/www.sourcing-ceramics.com\/de\/borkarbid\/#breadcrumb"},"inLanguage":"de","potentialAction":[{"@type":"ReadAction","target":["https:\/\/www.sourcing-ceramics.com\/de\/borkarbid\/"]}]},{"@type":"BreadcrumbList","@id":"https:\/\/www.sourcing-ceramics.com\/de\/borkarbid\/#breadcrumb","itemListElement":[{"@type":"ListItem","position":1,"name":"Home","item":"https:\/\/www.sourcing-ceramics.com\/de\/"},{"@type":"ListItem","position":2,"name":"Borkarbid"}]},{"@type":"WebSite","@id":"https:\/\/www.sourcing-ceramics.com\/de\/#website","url":"https:\/\/www.sourcing-ceramics.com\/de\/","name":"Sourcing Ceramics","description":"","potentialAction":[{"@type":"SearchAction","target":{"@type":"EntryPoint","urlTemplate":"https:\/\/www.sourcing-ceramics.com\/de\/?s={search_term_string}"},"query-input":"required name=search_term_string"}],"inLanguage":"de"}]}},"_links":{"self":[{"href":"https:\/\/www.sourcing-ceramics.com\/de\/wp-json\/wp\/v2\/pages\/1900","targetHints":{"allow":["GET"]}}],"collection":[{"href":"https:\/\/www.sourcing-ceramics.com\/de\/wp-json\/wp\/v2\/pages"}],"about":[{"href":"https:\/\/www.sourcing-ceramics.com\/de\/wp-json\/wp\/v2\/types\/page"}],"author":[{"embeddable":true,"href":"https:\/\/www.sourcing-ceramics.com\/de\/wp-json\/wp\/v2\/users\/2"}],"replies":[{"embeddable":true,"href":"https:\/\/www.sourcing-ceramics.com\/de\/wp-json\/wp\/v2\/comments?post=1900"}],"version-history":[{"count":13,"href":"https:\/\/www.sourcing-ceramics.com\/de\/wp-json\/wp\/v2\/pages\/1900\/revisions"}],"predecessor-version":[{"id":2353,"href":"https:\/\/www.sourcing-ceramics.com\/de\/wp-json\/wp\/v2\/pages\/1900\/revisions\/2353"}],"wp:attachment":[{"href":"https:\/\/www.sourcing-ceramics.com\/de\/wp-json\/wp\/v2\/media?parent=1900"}],"curies":[{"name":"wp","href":"https:\/\/api.w.org\/{rel}","templated":true}]}}